{"id":2776,"date":"2017-08-05T00:18:14","date_gmt":"2017-08-05T03:18:14","guid":{"rendered":"https:\/\/saboresdecabofrio.com.br\/edicoes\/?page_id=2776"},"modified":"2017-10-05T11:18:58","modified_gmt":"2017-10-05T14:18:58","slug":"espaco-gourmet-2017","status":"publish","type":"page","link":"https:\/\/saboresdecabofrio.com.br\/edicoes\/espaco-gourmet-2017\/","title":{"rendered":"Espa\u00e7o Gourmet 2017"},"content":{"rendered":"<div style=\"flex-grow: 1;\">\n<h4 style=\"margin-bottom: -30px; text-align: center;\">Apoio<\/h4>\n<ul style=\"display: flex;  flex-wrap: wrap; justify-content: center;\">\n     <\/p>\n<li style=\"height: auto; overflow: hidden; border-bottom: none;\"><a href=\"http:\/\/www.shoppingparklagos.com.br\/\" target=\"_blank\">\n<div style=\"background-image: url(https:\/\/saboresdecabofrio.com.br\/edicoes\/wp-content\/uploads\/2016\/08\/Logo-ParkLagos.png);     width: 300px;   height: 150px;     background-size: cover; background-repeat: no-repeat; background-position: center; \"><\/div>\n<p><\/a><\/li>\n<p>     \n<\/ul>\n<ul style=\"display: flex;  flex-wrap: wrap; justify-content: center; margin-top: -40px; margin-bottom: 50px;\">\n     <\/p>\n<li style=\"height: auto; overflow: hidden; border-bottom: none;\"><a href=\"https:\/\/www.facebook.com\/RicosTV.net\/\" target=\"_blank\">\n<div style=\"background-image: url(https:\/\/saboresdecabofrio.com.br\/edicoes\/wp-content\/uploads\/2018\/08\/Ricos-Eventos.png);     width: 180px;   height: 120px;     background-size: cover; background-repeat: no-repeat; background-position: center; \"><\/div>\n<p><\/a><\/li>\n<p>     <\/p>\n<li style=\"height: auto; overflow: hidden; border-bottom: none;\"><a href=\"https:\/\/www.facebook.com\/marcenariaitajuru.cabofrio\/\" target=\"_blank\">\n<div style=\"background-image: url(https:\/\/saboresdecabofrio.com.br\/edicoes\/wp-content\/uploads\/2017\/08\/Marcenaria-Itajuru-3.png);     width: 180px;   height: 120px;     background-size: cover; background-repeat: no-repeat; background-position: center; \"><\/div>\n<p><\/a><\/li>\n<p>     <\/p>\n<li style=\"height: auto; overflow: hidden; border-bottom: none;\"><a href=\"https:\/\/www.facebook.com\/araujoetardelli\/\" target=\"_blank\">\n<div style=\"background-image: url(https:\/\/saboresdecabofrio.com.br\/edicoes\/wp-content\/uploads\/2017\/09\/Logo-araujo-tardelli-para-site.png);     width: 180px;   height: 120px;     background-size: cover; background-repeat: no-repeat; background-position: center; \"><\/div>\n<p><\/a><\/li>\n<p>     <\/p>\n<li style=\"height: auto; overflow: hidden; border-bottom: none;\"><a href=\"https:\/\/www.facebook.com\/renanvernonarteedecoracao\/?rc=p\" target=\"_blank\">\n<div style=\"background-image: url(https:\/\/saboresdecabofrio.com.br\/edicoes\/wp-content\/uploads\/2017\/09\/logo-para-site.png);     width: 180px;   height: 120px;     background-size: cover; background-repeat: no-repeat; background-position: center; \"><\/div>\n<p><\/a><\/li>\n<p>     <\/p>\n<li style=\"height: auto; overflow: hidden; border-bottom: none;\"><a href=\"http:\/\/www.pontofrio.com.br\/\" target=\"_blank\">\n<div style=\"background-image: url(https:\/\/saboresdecabofrio.com.br\/edicoes\/wp-content\/uploads\/2017\/09\/logo-ponto-frio.png);     width: 180px;   height: 120px;     background-size: cover; background-repeat: no-repeat; background-position: center; \"><\/div>\n<p><\/a><\/li>\n<p>     <\/p>\n<li style=\"height: auto; overflow: hidden; border-bottom: none;\"><a href=\"https:\/\/lojascacula.com.br\/\" target=\"_blank\">\n<div style=\"background-image: url(https:\/\/saboresdecabofrio.com.br\/edicoes\/wp-content\/uploads\/2017\/09\/ca\u00e7ula-1.png);     width: 180px;   height: 120px;     background-size: cover; background-repeat: no-repeat; background-position: center; \"><\/div>\n<p><\/a><\/li>\n<p>     <\/p>\n<li style=\"height: auto; overflow: hidden; border-bottom: none;\"><a href=\"https:\/\/serinstituto.com.br\/\" target=\"_blank\">\n<div style=\"background-image: url(https:\/\/saboresdecabofrio.com.br\/edicoes\/wp-content\/uploads\/2017\/09\/LOGO-2-b.png);     width: 180px;   height: 120px;     background-size: cover; background-repeat: no-repeat; background-position: center; \"><\/div>\n<p><\/a><\/li>\n<p>     <\/p>\n<li style=\"height: auto; overflow: hidden; border-bottom: none;\"><a href=\"http:\/\/casadopedreiro.com\/\" target=\"_blank\">\n<div style=\"background-image: url(https:\/\/saboresdecabofrio.com.br\/edicoes\/wp-content\/uploads\/2017\/08\/logo-casa-do-pedreiro-Ago2017.png);     width: 180px;   height: 120px;     background-size: cover; background-repeat: no-repeat; background-position: center; \"><\/div>\n<p><\/a><\/li>\n<p>     \n<\/ul>\n<\/div>\n<div class=\"espgourm\">\n<div style=\"flex-grow: 1;\">\n<h1 style=\"text-align: center; line-height: 45px;\">ESPA\u00c7O PARK GOURMET<\/h1>\n<p>Localizado no Shopping Park Lagos, Bairro das Palmeiras, o espa\u00e7o Park Gourmet vai reunir chefes da cidade e convidados que ir\u00e3o apresentar pratos variados. Projeto de arquitetura assinado pela arquiteta Gabriela Tardelli.<\/p>\n<h3 style=\"text-align: center; margin-top: 60px; margin-bottom: 0px;\">Programa\u00e7\u00e3o<\/h3>\n<p style=\"margin-top: 0px; text-align: center;\">Todas as quartas, quintas e sextas do m\u00eas de setembro.<\/p>\n<div class=\"funcio\" style=\"margin-bottom: 60px; flex-wrap: wrap;\">\n  <\/p>\n<div style=\"flex-grow: 1; max-width: 280px; min-width: 280px;\">\n<p class=\"day\">QUARTA \u2013 06\/09<\/p>\n<p>    <b>17h<\/b> - Denise Linhares - Picolino<Br>Bacalhau \u00e0 Br\u00e1s<br \/>\n    <b>18h<\/b> - Miriam Azevedo - Brigaderia da vov\u00f3<Br>Brigadeiro de colher <br \/>\n    <b>19h<\/b> - Luiz Carlos Spiandoin - Portoveleiro<Br>Lasanha al mare<br \/>\n    <b>20h<\/b> - Luigi Montez <Br>Programa Tem Crian\u00e7a na Cozinha<br \/>\n    <b>21h<\/b> - A confirmar\n  <\/div>\n<p>  <\/p>\n<div style=\"flex-grow: 1; max-width: 280px; min-width: 280px;\">\n<p class=\"day\">QUINTA \u2013 07\/09<\/p>\n<p>    <b>17h<\/b> - Mimi Raniere - Artes da Mimi<Br>Confec\u00e7\u00e3o de chap\u00e9u de chefinho<br \/>\n    <b>18h<\/b> - Mimi Raniere - Artes da Mimi<Br>Confec\u00e7\u00e3o de chap\u00e9u de chefinho<br \/>\n    <b>19h<\/b> - Ver\u00f4nica Fellippe - Ver\u00f4nica Fellippe Cake Designer <Br> F\u00e1brica de cupcakes<br \/>\n    <b>20h<\/b> - Ver\u00f4nica Fellippe - Ver\u00f4nica Fellippe Cake Designer <Br> F\u00e1brica de cupcakes<br \/>\n    <b>21h<\/b> - A confirmar\n  <\/div>\n<p>  <\/p>\n<div style=\"flex-grow: 1; max-width: 280px; min-width: 280px;\">\n<p class=\"day\">SEXTA \u2013 08\/09<\/p>\n<p>    <b>17h<\/b> - A confirmar<br \/>\n    <b>18h<\/b> - M\u00f4nica Bull - Cereall Gourmet<Br> Farnel de Darwin<br \/>\n    <b>19h<\/b> - Therez\u00f3polis - Degusta\u00e7\u00e3o e demonstra\u00e7\u00e3o de cerveja<br \/>\n    <b>20h<\/b> - Lorena Hernandez - Don Nacho<Br>Tostada Canc\u00fan<br \/>\n    <b>21h<\/b> - A confirmar\n  <\/div>\n<p>  <\/p>\n<div style=\"flex-grow: 1; max-width: 280px; min-width: 280px;\">\n<p class=\"day\">QUARTA \u2013 13\/09<\/p>\n<p>    <b>17h<\/b> - Carolina Mesquita - Farol do Forte<Br>Fil\u00e9 de peixe encocado<br \/>\n    <b>18h<\/b> - Bruno Azevedo - Dui<Br>Sakebi Ryori<br \/>\n    <b>19h<\/b> - Rafael Machado - Del\u00edrios<Br> Namorado \u00e0 sombra da aroeira<br \/>\n    <b>20h<\/b> - Chef M\u00f4nica Rangel \u2013 (POLVO)<br \/>\n    <b>21h<\/b> - A confirmar\n  <\/div>\n<p>  <\/p>\n<div style=\"flex-grow: 1; max-width: 280px; min-width: 280px;\">\n<p class=\"day\">QUINTA \u2013 14\/09<\/p>\n<p>    <b>17h<\/b> - Juliana Santos - Crepe e Cia <Br> Crepe franc\u00eas de camar\u00e3o \u00e0 moda da casa<br \/>\n    <b>18h<\/b> - J\u00f5ao Paulo - La Mole <Br> Coura\u00e7ado<br \/>\n    <b>19h<\/b> - Hingrid Quintes - Qi Emp\u00f3rio Fit <Br> Torta de frutas Low Carb<br \/>\n    <b>20h<\/b> - Jack - Maj\u00e1ra do Canal <Br> Lagosta Maj\u00e1ra<br \/>\n    <b>21h<\/b> - A confirmar\n  <\/div>\n<p>  <\/p>\n<div style=\"flex-grow: 1; max-width: 280px; min-width: 280px;\">\n<p class=\"day\">SEXTA \u2013 15\/09<\/p>\n<p>    <b>17h<\/b> - Teresa Samerson - Casa Gourmet <Br> Paelitta Gourmet<br \/>\n    <b>18h<\/b> - Daniel Tarre -Bistr\u00f4 do Joaquim <Br> Risoto de bacalhau do Joaquim<br \/>\n    <b>19h<\/b> - Claudio Peters - Appetito Bistr\u00f4 <Br> Noque de camar\u00e3o \u00e0 la vodka<br \/>\n    <b>20h<\/b> - Rafaella Porto - Nevada Do\u00e7aria <Br> Brasileirinha<br \/>\n    <b>21h<\/b> - A confirmar\n  <\/div>\n<p>  <\/p>\n<div style=\"flex-grow: 1; max-width: 280px; min-width: 280px;\">\n<p class=\"day\">QUARTA \u2013 20\/09<\/p>\n<p>    <b>17h<\/b> - Carlos - Inbox <Br> Camar\u00e3o by sauces<br \/>\n    <b>18h<\/b> - Diego Felix - Arigat\u00f4 Izakaya <Br> Ceviche<br \/>\n    <b>19h<\/b> - Therez\u00f3polis - Degusta\u00e7\u00e3o e demonstra\u00e7\u00e3o de cerveja<br \/>\n    <b>20h<\/b> - Chef R\u00f4 Gouvea \u2013 (CAMAR\u00c3O)<br \/>\n    <b>21h<\/b> - A confirmar\n  <\/div>\n<p>  <\/p>\n<div style=\"flex-grow: 1; max-width: 280px; min-width: 280px;\">\n<p class=\"day\">QUINTA \u2013 21\/09<\/p>\n<p>    <b>17h<\/b> - Roberta de Araujo - Choco-r\u00e1 <Br> Ogiva de chocolate<br \/>\n    <b>18h<\/b> - Luciano Ramos - Vira Ver\u00e3o <Br> Salm\u00e3o tropical<br \/>\n    <b>19h<\/b> - Eloysio Guimar\u00e3es - Manjeric\u00e3o <Br> Escondidinho de salm\u00e3o<br \/>\n    <b>20h<\/b> - Elaine de Jesus Souza - Boteco do Cabe\u00e7a <Br> Polvo \u00e0 Parisiense<br \/>\n    <b>21h<\/b> - A confirmar\n  <\/div>\n<p>  <\/p>\n<div style=\"flex-grow: 1; max-width: 280px; min-width: 280px;\">\n<p class=\"day\">SEXTA \u2013 22\/09<\/p>\n<p>    <b>17h<\/b> - Monica Bull - Cereall Gourmet <Br> Panacota de am\u00eandoas com frutas vermelhas<br \/>\n    <b>18h<\/b> - Paulo - DNA Natural <Br> Fil\u00e9 de dourado ao DNA<br \/>\n    <b>19h<\/b> - Clarissa Souto - Le monde <Br> Namorando bacon<br \/>\n    <b>20h<\/b> - \u00c9rika Penedos - Bistr\u00f4 283 <Br> Bob\u00f3 Rey<br \/>\n    <b>21h<\/b> - A confirmar\n  <\/div>\n<p>  <\/p>\n<div style=\"flex-grow: 1; max-width: 280px; min-width: 280px;\">\n<p class=\"day\">QUARTA \u2013 27\/09<\/p>\n<p>    <b>17h<\/b> - Finalistas das melhores entradas:<Br> Inbox, Man\u00e9 Paix\u00e3o, Quintal<br \/>\n    <b>18h<\/b> - Finalistas dos melhores pratos principais: <Br>Del\u00edrios, Escrit\u00f3rio do Chef, F\u00eanix Steakhouse<br \/>\n    <b>19h<\/b> - Finalistas das melhores sobremesas:<Br> Brigaderia da Vov\u00f3, Choco r\u00e1, Johnny Brownie<br \/>\n    <b>20h<\/b> - GANHADORES <Br>Melhor entrada: Quintal <Br> Melhor prato principal: Escrit\u00f3rio do Chef <Br> Melhor sobremesa: Choco-r\u00e1<br \/>\n    <b>21h<\/b> - A confirmar\n  <\/div>\n<p>  <\/p>\n<div style=\"flex-grow: 1; max-width: 280px; min-width: 280px;\">\n<p class=\"day\">QUINTA \u2013 28\/09<\/p>\n<p>    <b>17h<\/b> - Rafael Machado - Del\u00edrios <Br> Prepara\u00e7\u00e3o de Confit siciliano<br \/>\n    <b>18h<\/b> - Luciana Roble - Koala <Br> Batatorre<br \/>\n    <b>19h<\/b> - Camila Carvalho - Masquebah <Br> Masquebah de camar\u00e3o<br \/>\n    <b>20h<\/b> - Henrique - Escrit\u00f3rio do chef <Br> Bendito Chef<br \/>\n    <b>21h<\/b> - A confirmar\n  <\/div>\n<p>  <\/p>\n<div style=\"flex-grow: 1; max-width: 280px; min-width: 280px;\">\n<p class=\"day\">SEXTA \u2013 29\/09<\/p>\n<p>    <b>17h<\/b> - Rodrigo Debossan - Salada de siri com salic\u00f3rnia <Br>D\u00e9bora Santana - Tema Panc's regionais (plantas aliment\u00edcias n\u00e3o convencionais)<br \/>\n    <b>18h<\/b> - Alessando Fragoso - Pelicano <Br> Capeletti al mare profondo<br \/>\n    <b>19h<\/b> - Margarete Santos - Frutos de Goi\u00e1s <Br> Mar do Norte<br \/>\n    <b>20h<\/b> - Mirian Azevedo - Brigaderia da vov\u00f3<Br> Torta de palha Italiana<br \/>\n    <b>21h<\/b> - A confirmar\n  <\/div>\n<p>  \n<\/p><\/div>\n<\/div>\n<\/div>\n<div class=\"container single-menu\">\n<\/p>\n<div class=\"ten columns pic\"><img width=\"640\" height=\"427\" src=\"https:\/\/saboresdecabofrio.com.br\/edicoes\/wp-content\/uploads\/2017\/10\/DSC_2461.jpg\" class=\"attachment-full size-full wp-post-image\" alt=\"\" loading=\"lazy\" srcset=\"https:\/\/saboresdecabofrio.com.br\/edicoes\/wp-content\/uploads\/2017\/10\/DSC_2461.jpg 640w, https:\/\/saboresdecabofrio.com.br\/edicoes\/wp-content\/uploads\/2017\/10\/DSC_2461-300x200.jpg 300w\" sizes=\"(max-width: 640px) 100vw, 640px\" \/><\/div>\n<div class=\"six columns\">\n<h3><a href=\"https:\/\/saboresdecabofrio.com.br\/edicoes\/espaco-park-gourmet-27final-28-e-2909\/\">ESPA\u00c7O PARK GOURMET 27 (FINAL), 28 E 29\/09<\/a><\/h3>\n<\/div>\n<p><\/p>\n<div class=\"clear\"><\/div>\n<h4 class=\"sixteen columns title-related\">Outras Apresenta\u00e7\u00f5es:<\/h4>\n<\/p>\n<ul id=\"menu-thumbnail-view\">\n<li class=\"box\"><a href=\"https:\/\/saboresdecabofrio.com.br\/edicoes\/espaco-park-gourmet-27final-28-e-2909\/\" class=\"read_more_menu\"><\/a>\n<div class=\"pic_hover\">\n<a href=\"https:\/\/saboresdecabofrio.com.br\/edicoes\/espaco-park-gourmet-27final-28-e-2909\/\" class=\"image\"><br \/>\n<img width=\"150\" height=\"150\" src=\"https:\/\/saboresdecabofrio.com.br\/edicoes\/wp-content\/uploads\/2017\/10\/DSC_2461-150x150.jpg\" class=\"attachment-thumbnail size-thumbnail wp-post-image\" alt=\"\" loading=\"lazy\" srcset=\"https:\/\/saboresdecabofrio.com.br\/edicoes\/wp-content\/uploads\/2017\/10\/DSC_2461-150x150.jpg 150w, https:\/\/saboresdecabofrio.com.br\/edicoes\/wp-content\/uploads\/2017\/10\/DSC_2461-300x300.jpg 300w\" sizes=\"(max-width: 150px) 100vw, 150px\" \/><br \/>\n<\/a>\n<\/div>\n<div class=\"menu-info-b\">\n<h4>ESPA\u00c7O PARK GOURMET 27 (FINAL), 28 E 29\/09<\/h4>\n<\/div>\n<div class=\"clear\"><\/div>\n<\/li>\n<\/ul>\n<p><\/p>\n<ul id=\"menu-thumbnail-view\">\n<li class=\"box\"><a href=\"https:\/\/saboresdecabofrio.com.br\/edicoes\/espaco-park-gourmet-20-21-e-2209\/\" class=\"read_more_menu\"><\/a>\n<div class=\"pic_hover\">\n<a href=\"https:\/\/saboresdecabofrio.com.br\/edicoes\/espaco-park-gourmet-20-21-e-2209\/\" class=\"image\"><br \/>\n<img width=\"150\" height=\"150\" src=\"https:\/\/saboresdecabofrio.com.br\/edicoes\/wp-content\/uploads\/2017\/10\/SER_Sabores-de-Cabo-Frio-2017-20092017-51-150x150.jpg\" class=\"attachment-thumbnail size-thumbnail wp-post-image\" alt=\"\" loading=\"lazy\" srcset=\"https:\/\/saboresdecabofrio.com.br\/edicoes\/wp-content\/uploads\/2017\/10\/SER_Sabores-de-Cabo-Frio-2017-20092017-51-150x150.jpg 150w, https:\/\/saboresdecabofrio.com.br\/edicoes\/wp-content\/uploads\/2017\/10\/SER_Sabores-de-Cabo-Frio-2017-20092017-51-300x300.jpg 300w\" sizes=\"(max-width: 150px) 100vw, 150px\" \/><br \/>\n<\/a>\n<\/div>\n<div class=\"menu-info-b\">\n<h4>ESPA\u00c7O PARK GOURMET 20, 21 E 22\/09<\/h4>\n<\/div>\n<div class=\"clear\"><\/div>\n<\/li>\n<\/ul>\n<p><\/p>\n<ul id=\"menu-thumbnail-view\">\n<li class=\"box\"><a href=\"https:\/\/saboresdecabofrio.com.br\/edicoes\/espaco-park-gourmet-13-14-e-1509\/\" class=\"read_more_menu\"><\/a>\n<div class=\"pic_hover\">\n<a href=\"https:\/\/saboresdecabofrio.com.br\/edicoes\/espaco-park-gourmet-13-14-e-1509\/\" class=\"image\"><br \/>\n<img width=\"150\" height=\"150\" src=\"https:\/\/saboresdecabofrio.com.br\/edicoes\/wp-content\/uploads\/2017\/10\/SER_Sabores-de-Cabo-Frio-2017-13092017-71-150x150.jpg\" class=\"attachment-thumbnail size-thumbnail wp-post-image\" alt=\"\" loading=\"lazy\" srcset=\"https:\/\/saboresdecabofrio.com.br\/edicoes\/wp-content\/uploads\/2017\/10\/SER_Sabores-de-Cabo-Frio-2017-13092017-71-150x150.jpg 150w, https:\/\/saboresdecabofrio.com.br\/edicoes\/wp-content\/uploads\/2017\/10\/SER_Sabores-de-Cabo-Frio-2017-13092017-71-300x300.jpg 300w\" sizes=\"(max-width: 150px) 100vw, 150px\" \/><br \/>\n<\/a>\n<\/div>\n<div class=\"menu-info-b\">\n<h4>ESPA\u00c7O PARK GOURMET 13, 14 E 15\/09<\/h4>\n<\/div>\n<div class=\"clear\"><\/div>\n<\/li>\n<\/ul>\n<p><\/p>\n<ul id=\"menu-thumbnail-view\">\n<li class=\"box\"><a href=\"https:\/\/saboresdecabofrio.com.br\/edicoes\/espaco-park-gourmet-0609\/\" class=\"read_more_menu\"><\/a>\n<div class=\"pic_hover\">\n<a href=\"https:\/\/saboresdecabofrio.com.br\/edicoes\/espaco-park-gourmet-0609\/\" class=\"image\"><br \/>\n<img width=\"150\" height=\"150\" src=\"https:\/\/saboresdecabofrio.com.br\/edicoes\/wp-content\/uploads\/2017\/10\/SER_Sabores-de-Cabo-Frio-2017-18-150x150.jpg\" class=\"attachment-thumbnail size-thumbnail wp-post-image\" alt=\"\" loading=\"lazy\" srcset=\"https:\/\/saboresdecabofrio.com.br\/edicoes\/wp-content\/uploads\/2017\/10\/SER_Sabores-de-Cabo-Frio-2017-18-150x150.jpg 150w, https:\/\/saboresdecabofrio.com.br\/edicoes\/wp-content\/uploads\/2017\/10\/SER_Sabores-de-Cabo-Frio-2017-18-300x300.jpg 300w\" sizes=\"(max-width: 150px) 100vw, 150px\" \/><br \/>\n<\/a>\n<\/div>\n<div class=\"menu-info-b\">\n<h4>ESPA\u00c7O PARK GOURMET 06, 07 E 08\/09<\/h4>\n<\/div>\n<div class=\"clear\"><\/div>\n<\/li>\n<\/ul>\n<p><\/div>\n<h2 style=\"text-align: center;\">Patroc\u00ednio<\/h2>\n<ul style=\"display: flex;  flex-wrap: wrap; justify-content: center; margin-bottom: 0px;\">\n<\/p>\n<li style=\"height: auto; overflow: hidden; border-bottom: none;\"><a href=\"https:\/\/www.assai.com.br\/\" target=\"_blank\">\n<div style=\"background-image: url(https:\/\/saboresdecabofrio.com.br\/edicoes\/wp-content\/uploads\/2017\/08\/Logo-Assai\u0301-colorido1.png);     width: 210px;   height: 150px;     background-size: cover; background-repeat: no-repeat; background-position: center; \"><\/div>\n<p><\/a><\/li>\n<p><\/p>\n<li style=\"height: auto; overflow: hidden; border-bottom: none;\"><a href=\"http:\/\/www.prolagos.com.br\/\" target=\"_blank\">\n<div style=\"background-image: url(https:\/\/saboresdecabofrio.com.br\/edicoes\/wp-content\/uploads\/2017\/08\/Logo-Prolagos-20anoscolorido.png);     width: 210px;   height: 150px;     background-size: cover; background-repeat: no-repeat; background-position: center; \"><\/div>\n<p><\/a><\/li>\n<p><\/p>\n<li style=\"height: auto; overflow: hidden; border-bottom: none;\"><a href=\"http:\/\/www.cervejatherezopolis.com.br\/\" target=\"_blank\">\n<div style=\"background-image: url(https:\/\/saboresdecabofrio.com.br\/edicoes\/wp-content\/uploads\/2017\/08\/Logo-terezopolis-ago2017.png);     width: 210px;   height: 150px;     background-size: cover; background-repeat: no-repeat; background-position: center; \"><\/div>\n<p><\/a><\/li>\n<p><\/p>\n<li style=\"height: auto; overflow: hidden; border-bottom: none;\"><a href=\"https:\/\/www.facebook.com\/Acqu%C3%ADssima-Litoral-554498427913806\/\" target=\"_blank\">\n<div style=\"background-image: url(https:\/\/saboresdecabofrio.com.br\/edicoes\/wp-content\/uploads\/2017\/08\/logo-aquissima-Ago2017-2.png);     width: 210px;   height: 150px;     background-size: cover; background-repeat: no-repeat; background-position: center; \"><\/div>\n<p><\/a><\/li>\n<p>\n<\/ul>\n<h2 style=\"text-align: center;\">Apoio<\/h2>\n<ul style=\"display: flex;  flex-wrap: wrap; justify-content: center; margin-bottom: 0px;\">\n<\/p>\n<li style=\"height: auto; overflow: hidden; border-bottom: none;\"><a href=\"http:\/\/www.cabofrio.rj.gov.br\/\" target=\"_blank\">\n<div style=\"background-image: url(https:\/\/saboresdecabofrio.com.br\/edicoes\/wp-content\/uploads\/2017\/08\/Logo-Prefeitura-2017-1.png);     width: 180px;   height: 120px;     background-size: cover; background-repeat: no-repeat; background-position: center; \"><\/div>\n<p><\/a><\/li>\n<p><\/p>\n<li style=\"height: auto; overflow: hidden; border-bottom: none;\"><a href=\"http:\/\/www.cabofrio.rj.gov.br\/\" target=\"_blank\">\n<div style=\"background-image: url(https:\/\/saboresdecabofrio.com.br\/edicoes\/wp-content\/uploads\/2017\/08\/LOGO-TURISMO-PMCF-4.png);     width: 180px;   height: 120px;     background-size: cover; background-repeat: no-repeat; background-position: center; \"><\/div>\n<p><\/a><\/li>\n<p>\n<\/ul>\n<ul style=\"display: flex;  flex-wrap: wrap; justify-content: center; margin-bottom: 0px;\">\n<\/p>\n<li style=\"height: auto; overflow: hidden; border-bottom: none;\"><a href=\"https:\/\/facebook.com\/intertvrj\" target=\"_blank\">\n<div style=\"background-image: url(https:\/\/saboresdecabofrio.com.br\/edicoes\/wp-content\/uploads\/2016\/08\/Logo-InterTV-Nova4.png);     width: 180px;   height: 120px;     background-size: cover; background-repeat: no-repeat; background-position: center; \"><\/div>\n<p><\/a><\/li>\n<p><\/p>\n<li style=\"height: auto; overflow: hidden; border-bottom: none;\"><a href=\"https:\/\/www.facebook.com\/radiolitoral\" target=\"_blank\">\n<div style=\"background-image: url(https:\/\/saboresdecabofrio.com.br\/edicoes\/wp-content\/uploads\/2016\/08\/Logo-LitoralFM.png);     width: 180px;   height: 120px;     background-size: cover; background-repeat: no-repeat; background-position: center; \"><\/div>\n<p><\/a><\/li>\n<p><\/p>\n<li style=\"height: auto; overflow: hidden; border-bottom: none;\"><a href=\"https:\/\/www.facebook.com\/MidiaInLed\" target=\"_blank\">\n<div style=\"background-image: url(https:\/\/saboresdecabofrio.com.br\/edicoes\/wp-content\/uploads\/2016\/08\/LogoMidiaInLed.png);     width: 180px;   height: 120px;     background-size: cover; background-repeat: no-repeat; background-position: center; \"><\/div>\n<p><\/a><\/li>\n<p>\n<\/ul>\n<ul style=\"display: flex;  flex-wrap: wrap; justify-content: center; margin-bottom: 20px; align-items: center;     margin-top: -40px;\">\n<\/p>\n<li style=\"height: auto; overflow: hidden; border-bottom: none; margin: 15px;\"><a href=\"https:\/\/facebook.com\/CCR-ViaLagos-232168100164273\" target=\"_blank\">\n<div style=\"background-image: url(https:\/\/saboresdecabofrio.com.br\/edicoes\/wp-content\/uploads\/2016\/08\/ccr-marcas-ago2017.png);     width: 110px;   height: 80px;     background-size: cover; background-repeat: no-repeat; background-position: center; \"><\/div>\n<p><\/a><\/li>\n<p><br \/>\n<\/p>\n<li style=\"height: auto; overflow: hidden; border-bottom: none; margin: 15px;\"><a href=\"http:\/\/www.shoppingparklagos.com.br\/\" target=\"_blank\">\n<div style=\"background-image: url(https:\/\/saboresdecabofrio.com.br\/edicoes\/wp-content\/uploads\/2016\/08\/Logo-ParkLagos.png);     width: 210px;   height: 150px;     background-size: cover; background-repeat: no-repeat; background-position: center; \"><\/div>\n<p><\/a><\/li>\n<p><\/p>\n<li style=\"height: auto; overflow: hidden; border-bottom: none; margin: 15px;\"><a href=\"\" target=\"_blank\">\n<div style=\"background-image: url(https:\/\/saboresdecabofrio.com.br\/edicoes\/wp-content\/uploads\/2017\/08\/Logo-Preta-alavancar-ago2017.png);     width: 210px;   height: 150px;     background-size: cover; background-repeat: no-repeat; background-position: center; \"><\/div>\n<p><\/a><\/li>\n<p><br \/>\n<\/p>\n<li style=\"height: auto; overflow: hidden; border-bottom: none; margin: 15px;\"><a href=\"http:\/\/www.ecoponte.com.br\/\" target=\"_blank\">\n<div style=\"background-image: url(https:\/\/saboresdecabofrio.com.br\/edicoes\/wp-content\/uploads\/2017\/08\/Logo-EcoponteEcoRodovias-ago2017.png);     width: 110px;   height: 80px;     background-size: cover; background-repeat: no-repeat; background-position: center; \"><\/div>\n<p><\/a><\/li>\n<p>\n<\/ul>\n","protected":false},"excerpt":{"rendered":"","protected":false},"author":3,"featured_media":0,"parent":0,"menu_order":0,"comment_status":"closed","ping_status":"closed","template":"","meta":{"yasr_overall_rating":0,"yasr_post_is_review":"","yasr_auto_insert_disabled":"","yasr_review_type":""},"acf":[],"yasr_visitor_votes":{"number_of_votes":0,"sum_votes":0,"stars_attributes":{"read_only":false,"span_bottom":false}},"_links":{"self":[{"href":"https:\/\/saboresdecabofrio.com.br\/edicoes\/wp-json\/wp\/v2\/pages\/2776"}],"collection":[{"href":"https:\/\/saboresdecabofrio.com.br\/edicoes\/wp-json\/wp\/v2\/pages"}],"about":[{"href":"https:\/\/saboresdecabofrio.com.br\/edicoes\/wp-json\/wp\/v2\/types\/page"}],"author":[{"embeddable":true,"href":"https:\/\/saboresdecabofrio.com.br\/edicoes\/wp-json\/wp\/v2\/users\/3"}],"replies":[{"embeddable":true,"href":"https:\/\/saboresdecabofrio.com.br\/edicoes\/wp-json\/wp\/v2\/comments?post=2776"}],"version-history":[{"count":76,"href":"https:\/\/saboresdecabofrio.com.br\/edicoes\/wp-json\/wp\/v2\/pages\/2776\/revisions"}],"predecessor-version":[{"id":4182,"href":"https:\/\/saboresdecabofrio.com.br\/edicoes\/wp-json\/wp\/v2\/pages\/2776\/revisions\/4182"}],"wp:attachment":[{"href":"https:\/\/saboresdecabofrio.com.br\/edicoes\/wp-json\/wp\/v2\/media?parent=2776"}],"curies":[{"name":"wp","href":"https:\/\/api.w.org\/{rel}","templated":true}]}}