{"id":28,"date":"2016-04-19T23:41:06","date_gmt":"2016-04-20T02:41:06","guid":{"rendered":"https:\/\/saboresdecabofrio.com.br\/edicoes\/?page_id=28"},"modified":"2018-08-13T15:16:01","modified_gmt":"2018-08-13T18:16:01","slug":"festival-2017","status":"publish","type":"page","link":"https:\/\/saboresdecabofrio.com.br\/edicoes\/festival-2017\/","title":{"rendered":"Festival 2017"},"content":{"rendered":"<style>\n@media only screen and (max-width: 479px) {\n.container > ul {\n  justify-content: center !important;\n}\n}\n.container > ul {\n  justify-content: space-around;\n}\n<\/style>\n<h2 style=\"text-align: center;\">Patroc\u00ednio<\/h2>\n<ul style=\"display: flex;  flex-wrap: wrap;\">\n<\/p>\n<li style=\"height: auto; overflow: hidden; border-bottom: none;\"><a href=\"https:\/\/www.assai.com.br\/\" target=\"_blank\">\n<div style=\"background-image: url(https:\/\/saboresdecabofrio.com.br\/edicoes\/wp-content\/uploads\/2017\/08\/Logo-Assai\u0301-colorido1.png);     width: 210px;   height: 150px;     background-size: cover; background-repeat: no-repeat; background-position: center; \"><\/div>\n<p><\/a><\/li>\n<p><\/p>\n<li style=\"height: auto; overflow: hidden; border-bottom: none;\"><a href=\"http:\/\/www.prolagos.com.br\/\" target=\"_blank\">\n<div style=\"background-image: url(https:\/\/saboresdecabofrio.com.br\/edicoes\/wp-content\/uploads\/2017\/08\/Logo-Prolagos-20anoscolorido.png);     width: 210px;   height: 150px;     background-size: cover; background-repeat: no-repeat; background-position: center; \"><\/div>\n<p><\/a><\/li>\n<p><\/p>\n<li style=\"height: auto; overflow: hidden; border-bottom: none;\"><a href=\"http:\/\/www.cervejatherezopolis.com.br\/\" target=\"_blank\">\n<div style=\"background-image: url(https:\/\/saboresdecabofrio.com.br\/edicoes\/wp-content\/uploads\/2017\/08\/Logo-terezopolis-ago2017.png);     width: 210px;   height: 150px;     background-size: cover; background-repeat: no-repeat; background-position: center; \"><\/div>\n<p><\/a><\/li>\n<p>\n<\/ul>\n<ul style=\"display: flex;  flex-wrap: wrap; justify-content: center; margin-bottom: 30px; margin-top: 30px;\">\n<\/p>\n<li style=\"height: auto; overflow: hidden; border-bottom: none;\"><a href=\"https:\/\/www.facebook.com\/Acqu%C3%ADssima-Litoral-554498427913806\/\" target=\"_blank\">\n<div style=\"background-image: url(https:\/\/saboresdecabofrio.com.br\/edicoes\/wp-content\/uploads\/2017\/08\/logo-aquissima-Ago2017-2.png);     width: 150px;   height: 80px;     background-size: cover; background-repeat: no-repeat; background-position: center; margin-top: -20px;\"><\/div>\n<p><\/a><\/li>\n<p>\n<\/ul>\n<h1 style=\"text-align: center;\">O Festival<\/h1>\n<div style=\"margin-left: 13px;\">\nAs praias de Cabo Frio s\u00e3o famosas por todo o Brasil. O que muitos n\u00e3o sabem \u00e9 que, al\u00e9m de ser uma das sete cidades mais antigas do Pa\u00eds, com mais de 400 anos de hist\u00f3ria, a cultura gastron\u00f4mica da regi\u00e3o mistura-se, deliciosamente, \u00e0s lindas paisagens. <\/p>\n<p>Durante um m\u00eas, 01 de setembro a 01 de outubro, turistas e moradores v\u00e3o podem se deliciar com o III Festival Sabores de Cabo Frio. O evento re\u00fane restaurantes e o setor hoteleiro para uma apetitosa festa em que os participantes poder\u00e3o provar diferentes gostos, aromas e temperos.<\/p>\n<p>Realizado pelo Sebrae, Sindicato dos Hot\u00e9is e Restaurantes e Cabo Frio Conventions &#038; Visitors Bureau, com o apoio da Prefeitura e da Secretaria de Turismo e produ\u00e7\u00e3o da Tropic Produ\u00e7\u00f5es e Eventos, o festival tem como principal objetivo movimentar a economia da cidade atrav\u00e9s do mercado gastron\u00f4mico.<\/p>\n<p>Para a edi\u00e7\u00e3o desse ano a expectativa \u00e9 de que aproximadamente 60 restaurantes participem do circuito com suas cria\u00e7\u00f5es, que dever\u00e3o ter como inspira\u00e7\u00e3o o tema Mar. Consolidado como um dos eventos gastron\u00f4micos mais importantes do interior do Estado do Rio de Janeiro, o festival promove ainda um delicioso entrosamento entre chefs renomados e um p\u00fablico cada vez mais exigente.<\/p>\n<p>A grande novidade em 2017 \u00e9 o concurso que ir\u00e1 eleger as melhores receitas do evento. Um corpo de jurados, composto por cr\u00edticos, jornalistas e empres\u00e1rios ir\u00e1 escolher os ganhadores nas categorias Melhor Entrada, Melhor Prato Principal e Melhor Sobremesa. <\/p>\n<p>Venha se deliciar com o que Cabo Frio tem de melhor!\n<\/p><\/div>\n<h2 style=\"text-align: center;\">Apoio<\/h2>\n<ul style=\"display: flex;  flex-wrap: wrap; justify-content: center; margin-bottom: 0px;\">\n<\/p>\n<li style=\"height: auto; overflow: hidden; border-bottom: none;\"><a href=\"http:\/\/www.cabofrio.rj.gov.br\/\" target=\"_blank\">\n<div style=\"background-image: url(https:\/\/saboresdecabofrio.com.br\/edicoes\/wp-content\/uploads\/2017\/08\/Logo-Prefeitura-2017-1.png);     width: 180px;   height: 120px;     background-size: cover; background-repeat: no-repeat; background-position: center; \"><\/div>\n<p><\/a><\/li>\n<p><\/p>\n<li style=\"height: auto; overflow: hidden; border-bottom: none;\"><a href=\"http:\/\/www.cabofrio.rj.gov.br\/\" target=\"_blank\">\n<div style=\"background-image: url(https:\/\/saboresdecabofrio.com.br\/edicoes\/wp-content\/uploads\/2017\/08\/LOGO-TURISMO-PMCF-4.png);     width: 180px;   height: 120px;     background-size: cover; background-repeat: no-repeat; background-position: center; \"><\/div>\n<p><\/a><\/li>\n<p>\n<\/ul>\n<ul style=\"display: flex;  flex-wrap: wrap; justify-content: center; margin-bottom: 0px;\">\n<\/p>\n<li style=\"height: auto; overflow: hidden; border-bottom: none;\"><a href=\"https:\/\/facebook.com\/intertvrj\" target=\"_blank\">\n<div style=\"background-image: url(https:\/\/saboresdecabofrio.com.br\/edicoes\/wp-content\/uploads\/2016\/08\/Logo-InterTV-Nova4.png);     width: 180px;   height: 120px;     background-size: cover; background-repeat: no-repeat; background-position: center; \"><\/div>\n<p><\/a><\/li>\n<p><\/p>\n<li style=\"height: auto; overflow: hidden; border-bottom: none;\"><a href=\"https:\/\/www.facebook.com\/radiolitoral\" target=\"_blank\">\n<div style=\"background-image: url(https:\/\/saboresdecabofrio.com.br\/edicoes\/wp-content\/uploads\/2016\/08\/Logo-LitoralFM.png);     width: 180px;   height: 120px;     background-size: cover; background-repeat: no-repeat; background-position: center; \"><\/div>\n<p><\/a><\/li>\n<p><\/p>\n<li style=\"height: auto; overflow: hidden; border-bottom: none;\"><a href=\"https:\/\/www.facebook.com\/MidiaInLed\" target=\"_blank\">\n<div style=\"background-image: url(https:\/\/saboresdecabofrio.com.br\/edicoes\/wp-content\/uploads\/2016\/08\/LogoMidiaInLed.png);     width: 180px;   height: 120px;     background-size: cover; background-repeat: no-repeat; background-position: center; \"><\/div>\n<p><\/a><\/li>\n<p>\n<\/ul>\n<ul style=\"display: flex;  flex-wrap: wrap; justify-content: center; margin-bottom: 20px; align-items: center;     margin-top: -40px;\">\n<\/p>\n<li style=\"height: auto; overflow: hidden; border-bottom: none; margin: 15px;\"><a href=\"https:\/\/facebook.com\/CCR-ViaLagos-232168100164273\" target=\"_blank\">\n<div style=\"background-image: url(https:\/\/saboresdecabofrio.com.br\/edicoes\/wp-content\/uploads\/2016\/08\/ccr-marcas-ago2017.png);     width: 110px;   height: 80px;     background-size: cover; background-repeat: no-repeat; background-position: center; \"><\/div>\n<p><\/a><\/li>\n<p><br \/>\n<\/p>\n<li style=\"height: auto; overflow: hidden; border-bottom: none; margin: 15px;\"><a href=\"http:\/\/www.shoppingparklagos.com.br\/\" target=\"_blank\">\n<div style=\"background-image: url(https:\/\/saboresdecabofrio.com.br\/edicoes\/wp-content\/uploads\/2016\/08\/Logo-ParkLagos.png);     width: 210px;   height: 150px;     background-size: cover; background-repeat: no-repeat; background-position: center; \"><\/div>\n<p><\/a><\/li>\n<p><\/p>\n<li style=\"height: auto; overflow: hidden; border-bottom: none; margin: 15px;\"><a href=\"\" target=\"_blank\">\n<div style=\"background-image: url(https:\/\/saboresdecabofrio.com.br\/edicoes\/wp-content\/uploads\/2017\/08\/Logo-Preta-alavancar-ago2017.png);     width: 210px;   height: 150px;     background-size: cover; background-repeat: no-repeat; background-position: center; \"><\/div>\n<p><\/a><\/li>\n<p><br \/>\n<\/p>\n<li style=\"height: auto; overflow: hidden; border-bottom: none; margin: 15px;\"><a href=\"http:\/\/www.ecoponte.com.br\/\" target=\"_blank\">\n<div style=\"background-image: url(https:\/\/saboresdecabofrio.com.br\/edicoes\/wp-content\/uploads\/2017\/08\/Logo-EcoponteEcoRodovias-ago2017.png);     width: 110px;   height: 80px;     background-size: cover; background-repeat: no-repeat; background-position: center; \"><\/div>\n<p><\/a><\/li>\n<p>\n<\/ul>\n","protected":false},"excerpt":{"rendered":"","protected":false},"author":3,"featured_media":0,"parent":0,"menu_order":0,"comment_status":"closed","ping_status":"closed","template":"","meta":{"yasr_overall_rating":0,"yasr_post_is_review":"","yasr_auto_insert_disabled":"","yasr_review_type":""},"acf":[],"yasr_visitor_votes":{"number_of_votes":0,"sum_votes":0,"stars_attributes":{"read_only":false,"span_bottom":false}},"_links":{"self":[{"href":"https:\/\/saboresdecabofrio.com.br\/edicoes\/wp-json\/wp\/v2\/pages\/28"}],"collection":[{"href":"https:\/\/saboresdecabofrio.com.br\/edicoes\/wp-json\/wp\/v2\/pages"}],"about":[{"href":"https:\/\/saboresdecabofrio.com.br\/edicoes\/wp-json\/wp\/v2\/types\/page"}],"author":[{"embeddable":true,"href":"https:\/\/saboresdecabofrio.com.br\/edicoes\/wp-json\/wp\/v2\/users\/3"}],"replies":[{"embeddable":true,"href":"https:\/\/saboresdecabofrio.com.br\/edicoes\/wp-json\/wp\/v2\/comments?post=28"}],"version-history":[{"count":79,"href":"https:\/\/saboresdecabofrio.com.br\/edicoes\/wp-json\/wp\/v2\/pages\/28\/revisions"}],"predecessor-version":[{"id":4372,"href":"https:\/\/saboresdecabofrio.com.br\/edicoes\/wp-json\/wp\/v2\/pages\/28\/revisions\/4372"}],"wp:attachment":[{"href":"https:\/\/saboresdecabofrio.com.br\/edicoes\/wp-json\/wp\/v2\/media?parent=28"}],"curies":[{"name":"wp","href":"https:\/\/api.w.org\/{rel}","templated":true}]}}