{"id":3045,"date":"2017-08-09T21:46:54","date_gmt":"2017-08-10T00:46:54","guid":{"rendered":"https:\/\/saboresdecabofrio.com.br\/edicoes\/?page_id=3045"},"modified":"2019-08-08T17:24:52","modified_gmt":"2019-08-08T20:24:52","slug":"2016-2","status":"publish","type":"page","link":"https:\/\/saboresdecabofrio.com.br\/edicoes\/2016-2\/","title":{"rendered":"Participantes 2016"},"content":{"rendered":"<div class=\"sixteen columns\">\n<ul class=\"galerianova\">\n<\/p>\n<li>\n<div class=\"title\">\n<h4>Chez Albert<\/h4>\n<\/p><\/div>\n<div>\n     <a href=\"https:\/\/saboresdecabofrio.com.br\/edicoes\/menu\/surpresas-do-mar\/\"><\/p>\n<div style=\"background-image: url('https:\/\/saboresdecabofrio.com.br\/edicoes\/wp-content\/uploads\/2016\/08\/chezb.jpg');\" class=\"image\">\n<div class=\"overlayeffect\"><\/div>\n<\/div>\n<p>     <\/a>\n    <\/div>\n<\/li>\n<p><\/p>\n<li>\n<div class=\"title\">\n<h4>Crepe Del\u00edcia<\/h4>\n<\/p><\/div>\n<div>\n     <a href=\"https:\/\/saboresdecabofrio.com.br\/edicoes\/menu\/combo-delicia\/\"><\/p>\n<div style=\"background-image: url('https:\/\/saboresdecabofrio.com.br\/edicoes\/wp-content\/uploads\/2016\/08\/crepeb.jpg');\" class=\"image\">\n<div class=\"overlayeffect\"><\/div>\n<\/div>\n<p>     <\/a>\n    <\/div>\n<\/li>\n<p><\/p>\n<li>\n<div class=\"title\">\n<h4>Bom Apetite<\/h4>\n<\/p><\/div>\n<div>\n     <a href=\"https:\/\/saboresdecabofrio.com.br\/edicoes\/menu\/nhoque-com-molho-de-camarao-ao-catupiry\/\"><\/p>\n<div style=\"background-image: url('https:\/\/saboresdecabofrio.com.br\/edicoes\/wp-content\/uploads\/2016\/08\/bomapetiteb.jpg');\" class=\"image\">\n<div class=\"overlayeffect\"><\/div>\n<\/div>\n<p>     <\/a>\n    <\/div>\n<\/li>\n<p><\/p>\n<li>\n<div class=\"title\">\n<h4>Box 60<\/h4>\n<\/p><\/div>\n<div>\n     <a href=\"https:\/\/saboresdecabofrio.com.br\/edicoes\/menu\/bolinho-de-alheira\/\"><\/p>\n<div style=\"background-image: url('https:\/\/saboresdecabofrio.com.br\/edicoes\/wp-content\/uploads\/2016\/08\/box60b.jpg');\" class=\"image\">\n<div class=\"overlayeffect\"><\/div>\n<\/div>\n<p>     <\/a>\n    <\/div>\n<\/li>\n<p><\/p>\n<li>\n<div class=\"title\">\n<h4>Showrasquinho<\/h4>\n<\/p><\/div>\n<div>\n     <a href=\"https:\/\/saboresdecabofrio.com.br\/edicoes\/menu\/picanha-nobre\/\"><\/p>\n<div style=\"background-image: url('https:\/\/saboresdecabofrio.com.br\/edicoes\/wp-content\/uploads\/2016\/08\/showrrasquinho-1.jpg');\" class=\"image\">\n<div class=\"overlayeffect\"><\/div>\n<\/div>\n<p>     <\/a>\n    <\/div>\n<\/li>\n<p><\/p>\n<li>\n<div class=\"title\">\n<h4>Pelicano<\/h4>\n<\/p><\/div>\n<div>\n     <a href=\"https:\/\/saboresdecabofrio.com.br\/edicoes\/menu\/cherne-a-pelicano\/\"><\/p>\n<div style=\"background-image: url('https:\/\/saboresdecabofrio.com.br\/edicoes\/wp-content\/uploads\/2016\/08\/pelicanob.jpg');\" class=\"image\">\n<div class=\"overlayeffect\"><\/div>\n<\/div>\n<p>     <\/a>\n    <\/div>\n<\/li>\n<p><\/p>\n<li>\n<div class=\"title\">\n<h4>Ditado Popular<\/h4>\n<\/p><\/div>\n<div>\n     <a href=\"https:\/\/saboresdecabofrio.com.br\/edicoes\/menu\/costela-a-moda-ditado\/\"><\/p>\n<div style=\"background-image: url('https:\/\/saboresdecabofrio.com.br\/edicoes\/wp-content\/uploads\/2016\/08\/ditadob.jpg');\" class=\"image\">\n<div class=\"overlayeffect\"><\/div>\n<\/div>\n<p>     <\/a>\n    <\/div>\n<\/li>\n<p><\/p>\n<li>\n<div class=\"title\">\n<h4>Man\u00e9 Paix\u00e3o<\/h4>\n<\/p><\/div>\n<div>\n     <a href=\"https:\/\/saboresdecabofrio.com.br\/edicoes\/menu\/cacao-desfiado\/\"><\/p>\n<div style=\"background-image: url('https:\/\/saboresdecabofrio.com.br\/edicoes\/wp-content\/uploads\/2016\/08\/maneb.jpg');\" class=\"image\">\n<div class=\"overlayeffect\"><\/div>\n<\/div>\n<p>     <\/a>\n    <\/div>\n<\/li>\n<p><\/p>\n<li>\n<div class=\"title\">\n<h4>Seo Frog's<\/h4>\n<\/p><\/div>\n<div>\n     <a href=\"https:\/\/saboresdecabofrio.com.br\/edicoes\/menu\/nachos-ao-chili-e-cheddar\/\"><\/p>\n<div style=\"background-image: url('https:\/\/saboresdecabofrio.com.br\/edicoes\/wp-content\/uploads\/2016\/08\/seob.jpg');\" class=\"image\">\n<div class=\"overlayeffect\"><\/div>\n<\/div>\n<p>     <\/a>\n    <\/div>\n<\/li>\n<p><\/p>\n<li>\n<div class=\"title\">\n<h4>Parada Obrigat\u00f3ria<\/h4>\n<\/p><\/div>\n<div>\n     <a href=\"https:\/\/saboresdecabofrio.com.br\/edicoes\/menu\/talharim-ao-molho-funghi-com-file-mignon\/\"><\/p>\n<div style=\"background-image: url('https:\/\/saboresdecabofrio.com.br\/edicoes\/wp-content\/uploads\/2016\/08\/paradab.jpg');\" class=\"image\">\n<div class=\"overlayeffect\"><\/div>\n<\/div>\n<p>     <\/a>\n    <\/div>\n<\/li>\n<p><\/p>\n<li>\n<div class=\"title\">\n<h4>Tapera Bistr\u00f4<\/h4>\n<\/p><\/div>\n<div>\n     <a href=\"https:\/\/saboresdecabofrio.com.br\/edicoes\/menu\/frutos-do-mar-selvagem\/\"><\/p>\n<div style=\"background-image: url('https:\/\/saboresdecabofrio.com.br\/edicoes\/wp-content\/uploads\/2016\/08\/taperab.jpg');\" class=\"image\">\n<div class=\"overlayeffect\"><\/div>\n<\/div>\n<p>     <\/a>\n    <\/div>\n<\/li>\n<p><\/p>\n<li>\n<div class=\"title\">\n<h4>Cocinare Restaurante<\/h4>\n<\/p><\/div>\n<div>\n     <a href=\"https:\/\/saboresdecabofrio.com.br\/edicoes\/menu\/gnnoci-a-cocinare\/\"><\/p>\n<div style=\"background-image: url('https:\/\/saboresdecabofrio.com.br\/edicoes\/wp-content\/uploads\/2016\/08\/forneriab.jpg');\" class=\"image\">\n<div class=\"overlayeffect\"><\/div>\n<\/div>\n<p>     <\/a>\n    <\/div>\n<\/li>\n<p><\/p>\n<li>\n<div class=\"title\">\n<h4>Yoko Suhi<\/h4>\n<\/p><\/div>\n<div>\n     <a href=\"https:\/\/saboresdecabofrio.com.br\/edicoes\/menu\/over-the-sea\/\"><\/p>\n<div style=\"background-image: url('https:\/\/saboresdecabofrio.com.br\/edicoes\/wp-content\/uploads\/2016\/08\/yokob.jpg');\" class=\"image\">\n<div class=\"overlayeffect\"><\/div>\n<\/div>\n<p>     <\/a>\n    <\/div>\n<\/li>\n<p><\/p>\n<li>\n<div class=\"title\">\n<h4>Hotel Mandai<\/h4>\n<\/p><\/div>\n<div>\n     <a href=\"https:\/\/saboresdecabofrio.com.br\/edicoes\/menu\/camarao-no-havai\/\"><\/p>\n<div style=\"background-image: url('https:\/\/saboresdecabofrio.com.br\/edicoes\/wp-content\/uploads\/2016\/08\/mandaib.jpg');\" class=\"image\">\n<div class=\"overlayeffect\"><\/div>\n<\/div>\n<p>     <\/a>\n    <\/div>\n<\/li>\n<p><\/p>\n<li>\n<div class=\"title\">\n<h4>Torres G\u00eameas<\/h4>\n<\/p><\/div>\n<div>\n     <a href=\"https:\/\/saboresdecabofrio.com.br\/edicoes\/menu\/escondidinho-de-camarao\/\"><\/p>\n<div style=\"background-image: url('https:\/\/saboresdecabofrio.com.br\/edicoes\/wp-content\/uploads\/2016\/08\/torresb.jpg');\" class=\"image\">\n<div class=\"overlayeffect\"><\/div>\n<\/div>\n<p>     <\/a>\n    <\/div>\n<\/li>\n<p><\/p>\n<li>\n<div class=\"title\">\n<h4>Picolino<\/h4>\n<\/p><\/div>\n<div>\n     <a href=\"https:\/\/saboresdecabofrio.com.br\/edicoes\/menu\/tranche-de-cherne-com-nosso-caviar\/\"><\/p>\n<div style=\"background-image: url('https:\/\/saboresdecabofrio.com.br\/edicoes\/wp-content\/uploads\/2016\/08\/picolinob.jpg');\" class=\"image\">\n<div class=\"overlayeffect\"><\/div>\n<\/div>\n<p>     <\/a>\n    <\/div>\n<\/li>\n<p><\/p>\n<li>\n<div class=\"title\">\n<h4>Cereall Gourmet<\/h4>\n<\/p><\/div>\n<div>\n     <a href=\"https:\/\/saboresdecabofrio.com.br\/edicoes\/menu\/capelete-cereall\/\"><\/p>\n<div style=\"background-image: url('https:\/\/saboresdecabofrio.com.br\/edicoes\/wp-content\/uploads\/2016\/08\/cerealb.jpg');\" class=\"image\">\n<div class=\"overlayeffect\"><\/div>\n<\/div>\n<p>     <\/a>\n    <\/div>\n<\/li>\n<p><\/p>\n<li>\n<div class=\"title\">\n<h4>Brigaderia da Vov\u00f3<\/h4>\n<\/p><\/div>\n<div>\n     <a href=\"https:\/\/saboresdecabofrio.com.br\/edicoes\/menu\/torta-mousse-de-nutella\/\"><\/p>\n<div style=\"background-image: url('https:\/\/saboresdecabofrio.com.br\/edicoes\/wp-content\/uploads\/2016\/08\/brigaderiab.jpg');\" class=\"image\">\n<div class=\"overlayeffect\"><\/div>\n<\/div>\n<p>     <\/a>\n    <\/div>\n<\/li>\n<p><\/p>\n<li>\n<div class=\"title\">\n<h4>Casa Gourmet<\/h4>\n<\/p><\/div>\n<div>\n     <a href=\"https:\/\/saboresdecabofrio.com.br\/edicoes\/menu\/camarao-em-cremes-e-crocancia\/\"><\/p>\n<div style=\"background-image: url('https:\/\/saboresdecabofrio.com.br\/edicoes\/wp-content\/uploads\/2016\/08\/casagourmetb.jpg');\" class=\"image\">\n<div class=\"overlayeffect\"><\/div>\n<\/div>\n<p>     <\/a>\n    <\/div>\n<\/li>\n<p><\/p>\n<li>\n<div class=\"title\">\n<h4>Nevada Do\u00e7aria<\/h4>\n<\/p><\/div>\n<div>\n     <a href=\"https:\/\/saboresdecabofrio.com.br\/edicoes\/menu\/torta-tres-amores\/\"><\/p>\n<div style=\"background-image: url('https:\/\/saboresdecabofrio.com.br\/edicoes\/wp-content\/uploads\/2016\/08\/nevadaPb.jpg');\" class=\"image\">\n<div class=\"overlayeffect\"><\/div>\n<\/div>\n<p>     <\/a>\n    <\/div>\n<\/li>\n<p><\/p>\n<li>\n<div class=\"title\">\n<h4>Appetito Bistr\u00f4<\/h4>\n<\/p><\/div>\n<div>\n     <a href=\"https:\/\/saboresdecabofrio.com.br\/edicoes\/menu\/nhoque-artesanal\/\"><\/p>\n<div style=\"background-image: url('https:\/\/saboresdecabofrio.com.br\/edicoes\/wp-content\/uploads\/2016\/08\/apetitob.jpg');\" class=\"image\">\n<div class=\"overlayeffect\"><\/div>\n<\/div>\n<p>     <\/a>\n    <\/div>\n<\/li>\n<p><\/p>\n<li>\n<div class=\"title\">\n<h4>Kent\u00f4<\/h4>\n<\/p><\/div>\n<div>\n     <a href=\"https:\/\/saboresdecabofrio.com.br\/edicoes\/menu\/omakase-kento\/\"><\/p>\n<div style=\"background-image: url('https:\/\/saboresdecabofrio.com.br\/edicoes\/wp-content\/uploads\/2016\/08\/kentob.jpg');\" class=\"image\">\n<div class=\"overlayeffect\"><\/div>\n<\/div>\n<p>     <\/a>\n    <\/div>\n<\/li>\n<p><\/p>\n<li>\n<div class=\"title\">\n<h4>Tak\u00ea<\/h4>\n<\/p><\/div>\n<div>\n     <a href=\"https:\/\/saboresdecabofrio.com.br\/edicoes\/menu\/corderio-a-moda-take\/\"><\/p>\n<div style=\"background-image: url('https:\/\/saboresdecabofrio.com.br\/edicoes\/wp-content\/uploads\/2016\/08\/takeb.jpg');\" class=\"image\">\n<div class=\"overlayeffect\"><\/div>\n<\/div>\n<p>     <\/a>\n    <\/div>\n<\/li>\n<p><\/p>\n<li>\n<div class=\"title\">\n<h4>Dream Land Pub<\/h4>\n<\/p><\/div>\n<div>\n     <a href=\"https:\/\/saboresdecabofrio.com.br\/edicoes\/menu\/file-de-peixe-grelhado-ao-curry-de-maracuja\/\"><\/p>\n<div style=\"background-image: url('https:\/\/saboresdecabofrio.com.br\/edicoes\/wp-content\/uploads\/2016\/08\/dreamlandb.jpg');\" class=\"image\">\n<div class=\"overlayeffect\"><\/div>\n<\/div>\n<p>     <\/a>\n    <\/div>\n<\/li>\n<p><\/p>\n<li>\n<div class=\"title\">\n<h4>Choco R\u00e1<\/h4>\n<\/p><\/div>\n<div>\n     <a href=\"https:\/\/saboresdecabofrio.com.br\/edicoes\/menu\/tortrufa-de-nozes-com-damasco\/\"><\/p>\n<div style=\"background-image: url('https:\/\/saboresdecabofrio.com.br\/edicoes\/wp-content\/uploads\/2016\/08\/Chocorab.jpg');\" class=\"image\">\n<div class=\"overlayeffect\"><\/div>\n<\/div>\n<p>     <\/a>\n    <\/div>\n<\/li>\n<p><\/p>\n<li>\n<div class=\"title\">\n<h4>Dui Cozinha Japonesa<\/h4>\n<\/p><\/div>\n<div>\n     <a href=\"https:\/\/saboresdecabofrio.com.br\/edicoes\/menu\/sea-mix-dui\/\"><\/p>\n<div style=\"background-image: url('https:\/\/saboresdecabofrio.com.br\/edicoes\/wp-content\/uploads\/2016\/08\/duib.jpg');\" class=\"image\">\n<div class=\"overlayeffect\"><\/div>\n<\/div>\n<p>     <\/a>\n    <\/div>\n<\/li>\n<p><\/p>\n<li>\n<div class=\"title\">\n<h4>Portoveleiro<\/h4>\n<\/p><\/div>\n<div>\n     <a href=\"https:\/\/saboresdecabofrio.com.br\/edicoes\/menu\/portoburguer\/\"><\/p>\n<div style=\"background-image: url('https:\/\/saboresdecabofrio.com.br\/edicoes\/wp-content\/uploads\/2016\/08\/portoveleirob.jpg');\" class=\"image\">\n<div class=\"overlayeffect\"><\/div>\n<\/div>\n<p>     <\/a>\n    <\/div>\n<\/li>\n<p><\/p>\n<li>\n<div class=\"title\">\n<h4>Koala Sushi Bar<\/h4>\n<\/p><\/div>\n<div>\n     <a href=\"https:\/\/saboresdecabofrio.com.br\/edicoes\/menu\/gurjao-de-peixe-crocante-ao-molho-chillisause\/\"><\/p>\n<div style=\"background-image: url('https:\/\/saboresdecabofrio.com.br\/edicoes\/wp-content\/uploads\/2016\/08\/koalab.jpg');\" class=\"image\">\n<div class=\"overlayeffect\"><\/div>\n<\/div>\n<p>     <\/a>\n    <\/div>\n<\/li>\n<p><\/p>\n<li>\n<div class=\"title\">\n<h4>Green Hotel<\/h4>\n<\/p><\/div>\n<div>\n     <a href=\"https:\/\/saboresdecabofrio.com.br\/edicoes\/menu\/salmao-a-siciliana\/\"><\/p>\n<div style=\"background-image: url('https:\/\/saboresdecabofrio.com.br\/edicoes\/wp-content\/uploads\/2016\/08\/greenb.jpg');\" class=\"image\">\n<div class=\"overlayeffect\"><\/div>\n<\/div>\n<p>     <\/a>\n    <\/div>\n<\/li>\n<p><\/p>\n<li>\n<div class=\"title\">\n<h4>Queens<\/h4>\n<\/p><\/div>\n<div>\n     <a href=\"https:\/\/saboresdecabofrio.com.br\/edicoes\/menu\/o-famoso-trio\/\"><\/p>\n<div style=\"background-image: url('https:\/\/saboresdecabofrio.com.br\/edicoes\/wp-content\/uploads\/2016\/08\/queensb.jpg');\" class=\"image\">\n<div class=\"overlayeffect\"><\/div>\n<\/div>\n<p>     <\/a>\n    <\/div>\n<\/li>\n<p><\/p>\n<li>\n<div class=\"title\">\n<h4>Tia Maluca<\/h4>\n<\/p><\/div>\n<div>\n     <a href=\"https:\/\/saboresdecabofrio.com.br\/edicoes\/menu\/penne-a-moda-do-chef\/\"><\/p>\n<div style=\"background-image: url('https:\/\/saboresdecabofrio.com.br\/edicoes\/wp-content\/uploads\/2016\/08\/tiamalucab.jpg');\" class=\"image\">\n<div class=\"overlayeffect\"><\/div>\n<\/div>\n<p>     <\/a>\n    <\/div>\n<\/li>\n<p><\/p>\n<li>\n<div class=\"title\">\n<h4>Gecay Gourmet<\/h4>\n<\/p><\/div>\n<div>\n     <a href=\"https:\/\/saboresdecabofrio.com.br\/edicoes\/menu\/principal-marino\/\"><\/p>\n<div style=\"background-image: url('https:\/\/saboresdecabofrio.com.br\/edicoes\/wp-content\/uploads\/2016\/08\/gecayb.jpg');\" class=\"image\">\n<div class=\"overlayeffect\"><\/div>\n<\/div>\n<p>     <\/a>\n    <\/div>\n<\/li>\n<p><\/p>\n<li>\n<div class=\"title\">\n<h4>Buteco Costa do Sol<\/h4>\n<\/p><\/div>\n<div>\n     <a href=\"https:\/\/saboresdecabofrio.com.br\/edicoes\/menu\/picanha-do-buteco\/\"><\/p>\n<div style=\"background-image: url('https:\/\/saboresdecabofrio.com.br\/edicoes\/wp-content\/uploads\/2016\/08\/costadosolb.jpg');\" class=\"image\">\n<div class=\"overlayeffect\"><\/div>\n<\/div>\n<p>     <\/a>\n    <\/div>\n<\/li>\n<p><\/p>\n<li>\n<div class=\"title\">\n<h4>Austr\u00e1lia Jump<\/h4>\n<\/p><\/div>\n<div>\n     <a href=\"https:\/\/saboresdecabofrio.com.br\/edicoes\/menu\/fraser-salmon-island\/\"><\/p>\n<div style=\"background-image: url('https:\/\/saboresdecabofrio.com.br\/edicoes\/wp-content\/uploads\/2016\/08\/australiab.jpg');\" class=\"image\">\n<div class=\"overlayeffect\"><\/div>\n<\/div>\n<p>     <\/a>\n    <\/div>\n<\/li>\n<p><\/p>\n<li>\n<div class=\"title\">\n<h4>Pousada Dunas do Per\u00f3<\/h4>\n<\/p><\/div>\n<div>\n     <a href=\"https:\/\/saboresdecabofrio.com.br\/edicoes\/menu\/salmao-a-acacia-amarela\/\"><\/p>\n<div style=\"background-image: url('https:\/\/saboresdecabofrio.com.br\/edicoes\/wp-content\/uploads\/2016\/08\/acacia.jpg');\" class=\"image\">\n<div class=\"overlayeffect\"><\/div>\n<\/div>\n<p>     <\/a>\n    <\/div>\n<\/li>\n<p><\/p>\n<li>\n<div class=\"title\">\n<h4>DNA Natural<\/h4>\n<\/p><\/div>\n<div>\n     <a href=\"https:\/\/saboresdecabofrio.com.br\/edicoes\/menu\/rostie-a-moda-dna\/\"><\/p>\n<div style=\"background-image: url('https:\/\/saboresdecabofrio.com.br\/edicoes\/wp-content\/uploads\/2016\/08\/dna.jpg');\" class=\"image\">\n<div class=\"overlayeffect\"><\/div>\n<\/div>\n<p>     <\/a>\n    <\/div>\n<\/li>\n<p><\/p>\n<li>\n<div class=\"title\">\n<h4>Del\u00edrio's Restaurante<\/h4>\n<\/p><\/div>\n<div>\n     <a href=\"https:\/\/saboresdecabofrio.com.br\/edicoes\/menu\/camarao-vietnamita\/\"><\/p>\n<div style=\"background-image: url('https:\/\/saboresdecabofrio.com.br\/edicoes\/wp-content\/uploads\/2016\/08\/deliriosb.jpg');\" class=\"image\">\n<div class=\"overlayeffect\"><\/div>\n<\/div>\n<p>     <\/a>\n    <\/div>\n<\/li>\n<p><\/p>\n<li>\n<div class=\"title\">\n<h4>La Mole<\/h4>\n<\/p><\/div>\n<div>\n     <a href=\"https:\/\/saboresdecabofrio.com.br\/edicoes\/menu\/file-ao-molho-do-chef\/\"><\/p>\n<div style=\"background-image: url('https:\/\/saboresdecabofrio.com.br\/edicoes\/wp-content\/uploads\/2016\/08\/lamoleb.jpg');\" class=\"image\">\n<div class=\"overlayeffect\"><\/div>\n<\/div>\n<p>     <\/a>\n    <\/div>\n<\/li>\n<p><\/p>\n<li>\n<div class=\"title\">\n<h4>Farol do Forte<\/h4>\n<\/p><\/div>\n<div>\n     <a href=\"https:\/\/saboresdecabofrio.com.br\/edicoes\/menu\/peixe-a-cama-da-terra\/\"><\/p>\n<div style=\"background-image: url('https:\/\/saboresdecabofrio.com.br\/edicoes\/wp-content\/uploads\/2016\/08\/farolb.jpg');\" class=\"image\">\n<div class=\"overlayeffect\"><\/div>\n<\/div>\n<p>     <\/a>\n    <\/div>\n<\/li>\n<p>\n<\/ul>\n<\/div>\n","protected":false},"excerpt":{"rendered":"<p>Fil\u00e9 de peixe \u00e0 dor\u00e9 com molho de camar\u00e3o, lula e a\u00e7afr\u00e3o na cama de banana da terra cozida, acompanhado de farofa de coco e arroz branco.<\/p>\n","protected":false},"author":3,"featured_media":0,"parent":0,"menu_order":0,"comment_status":"closed","ping_status":"closed","template":"","meta":{"yasr_overall_rating":0,"yasr_post_is_review":"","yasr_auto_insert_disabled":"","yasr_review_type":"Other"},"acf":[],"yasr_visitor_votes":{"number_of_votes":0,"sum_votes":0,"stars_attributes":{"read_only":false,"span_bottom":false}},"_links":{"self":[{"href":"https:\/\/saboresdecabofrio.com.br\/edicoes\/wp-json\/wp\/v2\/pages\/3045"}],"collection":[{"href":"https:\/\/saboresdecabofrio.com.br\/edicoes\/wp-json\/wp\/v2\/pages"}],"about":[{"href":"https:\/\/saboresdecabofrio.com.br\/edicoes\/wp-json\/wp\/v2\/types\/page"}],"author":[{"embeddable":true,"href":"https:\/\/saboresdecabofrio.com.br\/edicoes\/wp-json\/wp\/v2\/users\/3"}],"replies":[{"embeddable":true,"href":"https:\/\/saboresdecabofrio.com.br\/edicoes\/wp-json\/wp\/v2\/comments?post=3045"}],"version-history":[{"count":7,"href":"https:\/\/saboresdecabofrio.com.br\/edicoes\/wp-json\/wp\/v2\/pages\/3045\/revisions"}],"predecessor-version":[{"id":5803,"href":"https:\/\/saboresdecabofrio.com.br\/edicoes\/wp-json\/wp\/v2\/pages\/3045\/revisions\/5803"}],"wp:attachment":[{"href":"https:\/\/saboresdecabofrio.com.br\/edicoes\/wp-json\/wp\/v2\/media?parent=3045"}],"curies":[{"name":"wp","href":"https:\/\/api.w.org\/{rel}","templated":true}]}}