{"id":7479,"date":"2021-07-05T16:20:57","date_gmt":"2021-07-05T19:20:57","guid":{"rendered":"https:\/\/saboresdecabofrio.com.br\/edicoes\/?page_id=7479"},"modified":"2022-08-29T16:16:17","modified_gmt":"2022-08-29T19:16:17","slug":"principal","status":"publish","type":"page","link":"https:\/\/saboresdecabofrio.com.br\/edicoes\/","title":{"rendered":"Principal"},"content":{"rendered":"\t\t<div data-elementor-type=\"wp-page\" data-elementor-id=\"7479\" class=\"elementor elementor-7479\">\n\t\t\t\t\t\t<div class=\"elementor-inner\">\n\t\t\t\t<div class=\"elementor-section-wrap\">\n\t\t\t\t\t\t\t\t\t<section class=\"elementor-section elementor-top-section elementor-element elementor-element-098371a elementor-section-content-middle elementor-section-boxed elementor-section-height-default elementor-section-height-default\" data-id=\"098371a\" data-element_type=\"section\">\n\t\t\t\t\t\t<div class=\"elementor-container elementor-column-gap-default\">\n\t\t\t\t\t\t\t<div class=\"elementor-row\">\n\t\t\t\t\t<div class=\"elementor-column elementor-col-100 elementor-top-column elementor-element elementor-element-4b84c0a\" data-id=\"4b84c0a\" data-element_type=\"column\">\n\t\t\t<div class=\"elementor-column-wrap elementor-element-populated\">\n\t\t\t\t\t\t\t<div class=\"elementor-widget-wrap\">\n\t\t\t\t\t\t<div class=\"elementor-element elementor-element-a73abdc elementor-invisible elementor-widget elementor-widget-image\" data-id=\"a73abdc\" data-element_type=\"widget\" data-settings=\"{&quot;_animation&quot;:&quot;fadeInUp&quot;}\" data-widget_type=\"image.default\">\n\t\t\t\t<div class=\"elementor-widget-container\">\n\t\t\t\t\t\t\t\t<div class=\"elementor-image\">\n\t\t\t\t\t\t\t\t\t\t\t\t<img width=\"1024\" height=\"80\" src=\"https:\/\/saboresdecabofrio.com.br\/edicoes\/wp-content\/uploads\/2021\/07\/3-1024x80.png\" class=\"attachment-large size-large\" alt=\"\" loading=\"lazy\" srcset=\"https:\/\/saboresdecabofrio.com.br\/edicoes\/wp-content\/uploads\/2021\/07\/3-1024x80.png 1024w, https:\/\/saboresdecabofrio.com.br\/edicoes\/wp-content\/uploads\/2021\/07\/3-300x23.png 300w, https:\/\/saboresdecabofrio.com.br\/edicoes\/wp-content\/uploads\/2021\/07\/3-768x60.png 768w, https:\/\/saboresdecabofrio.com.br\/edicoes\/wp-content\/uploads\/2021\/07\/3.png 1469w\" sizes=\"(max-width: 1024px) 100vw, 1024px\" \/>\t\t\t\t\t\t\t\t\t\t\t\t\t\t<\/div>\n\t\t\t\t\t\t<\/div>\n\t\t\t\t<\/div>\n\t\t\t\t\t\t<\/div>\n\t\t\t\t\t<\/div>\n\t\t<\/div>\n\t\t\t\t\t\t\t\t<\/div>\n\t\t\t\t\t<\/div>\n\t\t<\/section>\n\t\t\t\t<section class=\"elementor-section elementor-top-section elementor-element elementor-element-7280c27 elementor-section-full_width elementor-section-height-default elementor-section-height-default\" data-id=\"7280c27\" data-element_type=\"section\">\n\t\t\t\t\t\t<div class=\"elementor-container elementor-column-gap-default\">\n\t\t\t\t\t\t\t<div class=\"elementor-row\">\n\t\t\t\t\t<div class=\"elementor-column elementor-col-100 elementor-top-column elementor-element elementor-element-1519fc3\" data-id=\"1519fc3\" data-element_type=\"column\">\n\t\t\t<div class=\"elementor-column-wrap elementor-element-populated\">\n\t\t\t\t\t\t\t<div class=\"elementor-widget-wrap\">\n\t\t\t\t\t\t<div class=\"elementor-element elementor-element-35c92cc elementor-align-justify elementor-mobile-align-justify elementor-widget elementor-widget-button\" data-id=\"35c92cc\" data-element_type=\"widget\" data-widget_type=\"button.default\">\n\t\t\t\t<div class=\"elementor-widget-container\">\n\t\t\t\t\t<div class=\"elementor-button-wrapper\">\n\t\t\t<a href=\"https:\/\/saboresdecabofrio.com.br\/edicoes\/participantes-2021\/\" class=\"elementor-button-link elementor-button elementor-size-md\" role=\"button\">\n\t\t\t\t\t\t<span class=\"elementor-button-content-wrapper\">\n\t\t\t\t\t\t<span class=\"elementor-button-text\">Veja os pratos ou fa\u00e7a sua avalia\u00e7\u00e3o<\/span>\n\t\t<\/span>\n\t\t\t\t\t<\/a>\n\t\t<\/div>\n\t\t\t\t<\/div>\n\t\t\t\t<\/div>\n\t\t\t\t<div class=\"elementor-element elementor-element-dfa5cdc elementor-align-justify elementor-mobile-align-justify elementor-widget elementor-widget-button\" data-id=\"dfa5cdc\" data-element_type=\"widget\" data-widget_type=\"button.default\">\n\t\t\t\t<div class=\"elementor-widget-container\">\n\t\t\t\t\t<div class=\"elementor-button-wrapper\">\n\t\t\t<a href=\"https:\/\/saboresdecabofrio.com.br\/edicoes\/wp-content\/uploads\/2021\/09\/Revista-Online-7\u00b0-Festival-Sabores-de-Cabo-Frio-3.pdf\" target=\"_blank\" class=\"elementor-button-link elementor-button elementor-size-md\" role=\"button\">\n\t\t\t\t\t\t<span class=\"elementor-button-content-wrapper\">\n\t\t\t\t\t\t<span class=\"elementor-button-text\">baixe a revista online<\/span>\n\t\t<\/span>\n\t\t\t\t\t<\/a>\n\t\t<\/div>\n\t\t\t\t<\/div>\n\t\t\t\t<\/div>\n\t\t\t\t\t\t<\/div>\n\t\t\t\t\t<\/div>\n\t\t<\/div>\n\t\t\t\t\t\t\t\t<\/div>\n\t\t\t\t\t<\/div>\n\t\t<\/section>\n\t\t\t\t<section class=\"elementor-section elementor-top-section elementor-element elementor-element-4807884 elementor-section-boxed elementor-section-height-default elementor-section-height-default elementor-invisible\" data-id=\"4807884\" data-element_type=\"section\" data-settings=\"{&quot;animation&quot;:&quot;fadeIn&quot;}\">\n\t\t\t\t\t\t<div class=\"elementor-container elementor-column-gap-default\">\n\t\t\t\t\t\t\t<div class=\"elementor-row\">\n\t\t\t\t\t<div class=\"elementor-column elementor-col-50 elementor-top-column elementor-element elementor-element-47a0461\" data-id=\"47a0461\" data-element_type=\"column\">\n\t\t\t<div class=\"elementor-column-wrap elementor-element-populated\">\n\t\t\t\t\t\t\t<div class=\"elementor-widget-wrap\">\n\t\t\t\t\t\t<div class=\"elementor-element elementor-element-ef2ac51 elementor-widget elementor-widget-heading\" data-id=\"ef2ac51\" data-element_type=\"widget\" data-widget_type=\"heading.default\">\n\t\t\t\t<div class=\"elementor-widget-container\">\n\t\t\t<h2 class=\"elementor-heading-title elementor-size-default\"><a href=\"https:\/\/saboresdecabofrio.com.br\/edicoes\/\"><i class=\"fa fa-wifi\" aria-hidden=\"true\"><\/i>\n &nbspsaboresdecabofrio.com.br<\/a><\/h2>\t\t<\/div>\n\t\t\t\t<\/div>\n\t\t\t\t<div class=\"elementor-element elementor-element-af68e18 elementor-widget elementor-widget-heading\" data-id=\"af68e18\" data-element_type=\"widget\" data-widget_type=\"heading.default\">\n\t\t\t\t<div class=\"elementor-widget-container\">\n\t\t\t<h2 class=\"elementor-heading-title elementor-size-default\"><a href=\"https:\/\/www.facebook.com\/festivalsaborescabofrio\"><i class=\"fa fa-facebook-square\" aria-hidden=\"true\"><\/i>\n &nbsp&nbspFESTIVALSABORESCABOFRIO<\/a><\/h2>\t\t<\/div>\n\t\t\t\t<\/div>\n\t\t\t\t\t\t<\/div>\n\t\t\t\t\t<\/div>\n\t\t<\/div>\n\t\t\t\t<div class=\"elementor-column elementor-col-50 elementor-top-column elementor-element elementor-element-2477665\" data-id=\"2477665\" data-element_type=\"column\">\n\t\t\t<div class=\"elementor-column-wrap elementor-element-populated\">\n\t\t\t\t\t\t\t<div class=\"elementor-widget-wrap\">\n\t\t\t\t\t\t<div class=\"elementor-element elementor-element-8389107 elementor-widget elementor-widget-heading\" data-id=\"8389107\" data-element_type=\"widget\" data-widget_type=\"heading.default\">\n\t\t\t\t<div class=\"elementor-widget-container\">\n\t\t\t<h2 class=\"elementor-heading-title elementor-size-default\"><a href=\"https:\/\/www.instagram.com\/saboresdecabofrio\/\"><i class=\"fa fa-instagram\" aria-hidden=\"true\"><\/i>\n &nbsp&nbsp@SABORESDECABOFRIO<\/a><\/h2>\t\t<\/div>\n\t\t\t\t<\/div>\n\t\t\t\t<div class=\"elementor-element elementor-element-140f5b2 elementor-widget elementor-widget-heading\" data-id=\"140f5b2\" data-element_type=\"widget\" data-widget_type=\"heading.default\">\n\t\t\t\t<div class=\"elementor-widget-container\">\n\t\t\t<h2 class=\"elementor-heading-title elementor-size-default\"><a href=\"https:\/\/www.instagram.com\/explore\/tags\/saboresdecabofrio\/\"><i class=\"fa fa-hashtag\" aria-hidden=\"true\"><\/i>\n\n &nbsp&nbsp#SABORESDECABOFRIO<\/a><\/h2>\t\t<\/div>\n\t\t\t\t<\/div>\n\t\t\t\t\t\t<\/div>\n\t\t\t\t\t<\/div>\n\t\t<\/div>\n\t\t\t\t\t\t\t\t<\/div>\n\t\t\t\t\t<\/div>\n\t\t<\/section>\n\t\t\t\t<section class=\"elementor-section elementor-top-section elementor-element elementor-element-5a46219 elementor-section-boxed elementor-section-height-default elementor-section-height-default\" data-id=\"5a46219\" data-element_type=\"section\">\n\t\t\t\t\t\t<div class=\"elementor-container elementor-column-gap-default\">\n\t\t\t\t\t\t\t<div class=\"elementor-row\">\n\t\t\t\t\t<div class=\"elementor-column elementor-col-100 elementor-top-column elementor-element elementor-element-5255340\" data-id=\"5255340\" data-element_type=\"column\">\n\t\t\t<div class=\"elementor-column-wrap elementor-element-populated\">\n\t\t\t\t\t\t\t<div class=\"elementor-widget-wrap\">\n\t\t\t\t\t\t<div class=\"elementor-element elementor-element-9ff8883 elementor-widget elementor-widget-heading\" data-id=\"9ff8883\" data-element_type=\"widget\" data-widget_type=\"heading.default\">\n\t\t\t\t<div class=\"elementor-widget-container\">\n\t\t\t<h2 class=\"elementor-heading-title elementor-size-default\">Realiza\u00e7\u00e3o<\/h2>\t\t<\/div>\n\t\t\t\t<\/div>\n\t\t\t\t<div class=\"elementor-element elementor-element-1002f2d elementor-widget elementor-widget-image\" data-id=\"1002f2d\" data-element_type=\"widget\" data-widget_type=\"image.default\">\n\t\t\t\t<div class=\"elementor-widget-container\">\n\t\t\t\t\t\t\t\t<div class=\"elementor-image\">\n\t\t\t\t\t\t\t\t\t\t\t\t<img width=\"1024\" height=\"223\" src=\"https:\/\/saboresdecabofrio.com.br\/edicoes\/wp-content\/uploads\/2021\/09\/realizadores-2021-1024x223.png\" class=\"attachment-large size-large\" alt=\"\" loading=\"lazy\" srcset=\"https:\/\/saboresdecabofrio.com.br\/edicoes\/wp-content\/uploads\/2021\/09\/realizadores-2021-1024x223.png 1024w, https:\/\/saboresdecabofrio.com.br\/edicoes\/wp-content\/uploads\/2021\/09\/realizadores-2021-300x65.png 300w, https:\/\/saboresdecabofrio.com.br\/edicoes\/wp-content\/uploads\/2021\/09\/realizadores-2021-768x167.png 768w, https:\/\/saboresdecabofrio.com.br\/edicoes\/wp-content\/uploads\/2021\/09\/realizadores-2021-1536x334.png 1536w, https:\/\/saboresdecabofrio.com.br\/edicoes\/wp-content\/uploads\/2021\/09\/realizadores-2021-2048x446.png 2048w\" sizes=\"(max-width: 1024px) 100vw, 1024px\" \/>\t\t\t\t\t\t\t\t\t\t\t\t\t\t<\/div>\n\t\t\t\t\t\t<\/div>\n\t\t\t\t<\/div>\n\t\t\t\t\t\t<\/div>\n\t\t\t\t\t<\/div>\n\t\t<\/div>\n\t\t\t\t\t\t\t\t<\/div>\n\t\t\t\t\t<\/div>\n\t\t<\/section>\n\t\t\t\t\t\t\t\t\t<\/div>\n\t\t\t<\/div>\n\t\t\t\t\t<\/div>\n\t\t","protected":false},"excerpt":{"rendered":"<p>Veja os pratos ou fa\u00e7a sua avalia\u00e7\u00e3o baixe a revista online &#038;nbspsaboresdecabofrio.com.br &#038;nbsp&#038;nbspFESTIVALSABORESCABOFRIO &#038;nbsp&#038;nbsp@SABORESDECABOFRIO &#038;nbsp&#038;nbsp#SABORESDECABOFRIO Realiza\u00e7\u00e3o<\/p>\n","protected":false},"author":3,"featured_media":0,"parent":0,"menu_order":0,"comment_status":"closed","ping_status":"closed","template":"elementor_theme","meta":{"yasr_overall_rating":0,"yasr_post_is_review":"","yasr_auto_insert_disabled":"","yasr_review_type":""},"acf":[],"yasr_visitor_votes":{"number_of_votes":0,"sum_votes":0,"stars_attributes":{"read_only":false,"span_bottom":false}},"_links":{"self":[{"href":"https:\/\/saboresdecabofrio.com.br\/edicoes\/wp-json\/wp\/v2\/pages\/7479"}],"collection":[{"href":"https:\/\/saboresdecabofrio.com.br\/edicoes\/wp-json\/wp\/v2\/pages"}],"about":[{"href":"https:\/\/saboresdecabofrio.com.br\/edicoes\/wp-json\/wp\/v2\/types\/page"}],"author":[{"embeddable":true,"href":"https:\/\/saboresdecabofrio.com.br\/edicoes\/wp-json\/wp\/v2\/users\/3"}],"replies":[{"embeddable":true,"href":"https:\/\/saboresdecabofrio.com.br\/edicoes\/wp-json\/wp\/v2\/comments?post=7479"}],"version-history":[{"count":190,"href":"https:\/\/saboresdecabofrio.com.br\/edicoes\/wp-json\/wp\/v2\/pages\/7479\/revisions"}],"predecessor-version":[{"id":8887,"href":"https:\/\/saboresdecabofrio.com.br\/edicoes\/wp-json\/wp\/v2\/pages\/7479\/revisions\/8887"}],"wp:attachment":[{"href":"https:\/\/saboresdecabofrio.com.br\/edicoes\/wp-json\/wp\/v2\/media?parent=7479"}],"curies":[{"name":"wp","href":"https:\/\/api.w.org\/{rel}","templated":true}]}}