{"id":7780,"date":"2021-08-23T18:39:45","date_gmt":"2021-08-23T21:39:45","guid":{"rendered":"https:\/\/saboresdecabofrio.com.br\/edicoes\/?page_id=7780"},"modified":"2021-08-23T20:46:43","modified_gmt":"2021-08-23T23:46:43","slug":"participantes-2021","status":"publish","type":"page","link":"https:\/\/saboresdecabofrio.com.br\/edicoes\/participantes-2021\/","title":{"rendered":"Participantes 2021"},"content":{"rendered":"<div class=\"sixteen columns\">\n<ul class=\"galerianova\">\n<\/p>\n<li>\n<div class=\"title\">\n<h4>Alma Carioca Restaurante<\/h4>\n<\/p><\/div>\n<div>\n     <a href=\"https:\/\/saboresdecabofrio.com.br\/edicoes\/menu\/alma-carioca\/\"><\/p>\n<div style=\"background-image: url('https:\/\/saboresdecabofrio.com.br\/edicoes\/wp-content\/uploads\/2021\/08\/Alma-Carioca.jpg');\" class=\"image\">\n<div class=\"overlayeffect\"><\/div>\n<\/div>\n<p>     <\/a>\n    <\/div>\n<\/li>\n<p><\/p>\n<li>\n<div class=\"title\">\n<h4>Apreciatta Pizzaria<\/h4>\n<\/p><\/div>\n<div>\n     <a href=\"https:\/\/saboresdecabofrio.com.br\/edicoes\/menu\/camarao-tropical\/\"><\/p>\n<div style=\"background-image: url('https:\/\/saboresdecabofrio.com.br\/edicoes\/wp-content\/uploads\/2021\/08\/Apreciatta.jpg');\" class=\"image\">\n<div class=\"overlayeffect\"><\/div>\n<\/div>\n<p>     <\/a>\n    <\/div>\n<\/li>\n<p><\/p>\n<li>\n<div class=\"title\">\n<h4>Arcos do Canal<\/h4>\n<\/p><\/div>\n<div>\n     <a href=\"https:\/\/saboresdecabofrio.com.br\/edicoes\/menu\/para-cabo-frio\/\"><\/p>\n<div style=\"background-image: url('https:\/\/saboresdecabofrio.com.br\/edicoes\/wp-content\/uploads\/2021\/08\/Arcos-do-Canal.jpg');\" class=\"image\">\n<div class=\"overlayeffect\"><\/div>\n<\/div>\n<p>     <\/a>\n    <\/div>\n<\/li>\n<p><\/p>\n<li>\n<div class=\"title\">\n<h4>Armaz\u00e9m da Passagem<\/h4>\n<\/p><\/div>\n<div>\n     <a href=\"https:\/\/saboresdecabofrio.com.br\/edicoes\/menu\/fruto-da-paixao\/\"><\/p>\n<div style=\"background-image: url('https:\/\/saboresdecabofrio.com.br\/edicoes\/wp-content\/uploads\/2021\/08\/Armazem-da-Passagem.jpg');\" class=\"image\">\n<div class=\"overlayeffect\"><\/div>\n<\/div>\n<p>     <\/a>\n    <\/div>\n<\/li>\n<p><\/p>\n<li>\n<div class=\"title\">\n<h4>Bellagio<\/h4>\n<\/p><\/div>\n<div>\n     <a href=\"https:\/\/saboresdecabofrio.com.br\/edicoes\/menu\/cannoli\/\"><\/p>\n<div style=\"background-image: url('https:\/\/saboresdecabofrio.com.br\/edicoes\/wp-content\/uploads\/2021\/08\/Bellagio.jpg');\" class=\"image\">\n<div class=\"overlayeffect\"><\/div>\n<\/div>\n<p>     <\/a>\n    <\/div>\n<\/li>\n<p><\/p>\n<li>\n<div class=\"title\">\n<h4>Blu Gastro Beach<\/h4>\n<\/p><\/div>\n<div>\n     <a href=\"https:\/\/saboresdecabofrio.com.br\/edicoes\/menu\/blu-mare\/\"><\/p>\n<div style=\"background-image: url('https:\/\/saboresdecabofrio.com.br\/edicoes\/wp-content\/uploads\/2021\/08\/Blu-Gastro.jpg');\" class=\"image\">\n<div class=\"overlayeffect\"><\/div>\n<\/div>\n<p>     <\/a>\n    <\/div>\n<\/li>\n<p><\/p>\n<li>\n<div class=\"title\">\n<h4>Bom Apetite Restaurante<\/h4>\n<\/p><\/div>\n<div>\n     <a href=\"https:\/\/saboresdecabofrio.com.br\/edicoes\/menu\/armada\/\"><\/p>\n<div style=\"background-image: url('https:\/\/saboresdecabofrio.com.br\/edicoes\/wp-content\/uploads\/2021\/08\/Bom-Apetite.jpg');\" class=\"image\">\n<div class=\"overlayeffect\"><\/div>\n<\/div>\n<p>     <\/a>\n    <\/div>\n<\/li>\n<p><\/p>\n<li>\n<div class=\"title\">\n<h4>borogod\u00f3<\/h4>\n<\/p><\/div>\n<div>\n     <a href=\"https:\/\/saboresdecabofrio.com.br\/edicoes\/menu\/baiao-do-mar\/\"><\/p>\n<div style=\"background-image: url('https:\/\/saboresdecabofrio.com.br\/edicoes\/wp-content\/uploads\/2021\/08\/Borogodo.jpg');\" class=\"image\">\n<div class=\"overlayeffect\"><\/div>\n<\/div>\n<p>     <\/a>\n    <\/div>\n<\/li>\n<p><\/p>\n<li>\n<div class=\"title\">\n<h4>Braseiro de Minas<\/h4>\n<\/p><\/div>\n<div>\n     <a href=\"https:\/\/saboresdecabofrio.com.br\/edicoes\/menu\/baalbek\/\"><\/p>\n<div style=\"background-image: url('https:\/\/saboresdecabofrio.com.br\/edicoes\/wp-content\/uploads\/2021\/08\/Braseiro-de-Minas.jpg');\" class=\"image\">\n<div class=\"overlayeffect\"><\/div>\n<\/div>\n<p>     <\/a>\n    <\/div>\n<\/li>\n<p><\/p>\n<li>\n<div class=\"title\">\n<h4>Brasileir\u00edssimo<\/h4>\n<\/p><\/div>\n<div>\n     <a href=\"https:\/\/saboresdecabofrio.com.br\/edicoes\/menu\/camarao-a-beira-mar\/\"><\/p>\n<div style=\"background-image: url('https:\/\/saboresdecabofrio.com.br\/edicoes\/wp-content\/uploads\/2021\/08\/Brasileirissimo.jpg');\" class=\"image\">\n<div class=\"overlayeffect\"><\/div>\n<\/div>\n<p>     <\/a>\n    <\/div>\n<\/li>\n<p><\/p>\n<li>\n<div class=\"title\">\n<h4>Brigaderia da Vov\u00f3<\/h4>\n<\/p><\/div>\n<div>\n     <a href=\"https:\/\/saboresdecabofrio.com.br\/edicoes\/menu\/petit-paris\/\"><\/p>\n<div style=\"background-image: url('https:\/\/saboresdecabofrio.com.br\/edicoes\/wp-content\/uploads\/2021\/08\/Brigaderia-da-Vovo.jpg');\" class=\"image\">\n<div class=\"overlayeffect\"><\/div>\n<\/div>\n<p>     <\/a>\n    <\/div>\n<\/li>\n<p><\/p>\n<li>\n<div class=\"title\">\n<h4>Casa Kanaloa<\/h4>\n<\/p><\/div>\n<div>\n     <a href=\"https:\/\/saboresdecabofrio.com.br\/edicoes\/menu\/satay-gai\/\"><\/p>\n<div style=\"background-image: url('https:\/\/saboresdecabofrio.com.br\/edicoes\/wp-content\/uploads\/2021\/08\/Casa-Kanaloa.jpg');\" class=\"image\">\n<div class=\"overlayeffect\"><\/div>\n<\/div>\n<p>     <\/a>\n    <\/div>\n<\/li>\n<p><\/p>\n<li>\n<div class=\"title\">\n<h4>Clube da Sfiha<\/h4>\n<\/p><\/div>\n<div>\n     <a href=\"https:\/\/saboresdecabofrio.com.br\/edicoes\/menu\/kebab-de-kafta\/\"><\/p>\n<div style=\"background-image: url('https:\/\/saboresdecabofrio.com.br\/edicoes\/wp-content\/uploads\/2021\/08\/Clube-da-Sfiha.jpg');\" class=\"image\">\n<div class=\"overlayeffect\"><\/div>\n<\/div>\n<p>     <\/a>\n    <\/div>\n<\/li>\n<p><\/p>\n<li>\n<div class=\"title\">\n<h4>De Sempre Gastrobar<\/h4>\n<\/p><\/div>\n<div>\n     <a href=\"https:\/\/saboresdecabofrio.com.br\/edicoes\/menu\/camarao-havaiano\/\"><\/p>\n<div style=\"background-image: url('https:\/\/saboresdecabofrio.com.br\/edicoes\/wp-content\/uploads\/2021\/08\/De-Sempre-Gastrobar.jpg');\" class=\"image\">\n<div class=\"overlayeffect\"><\/div>\n<\/div>\n<p>     <\/a>\n    <\/div>\n<\/li>\n<p><\/p>\n<li>\n<div class=\"title\">\n<h4>Del\u00edcias da Dinda<\/h4>\n<\/p><\/div>\n<div>\n     <a href=\"https:\/\/saboresdecabofrio.com.br\/edicoes\/menu\/nuvem-de-sabores\/\"><\/p>\n<div style=\"background-image: url('https:\/\/saboresdecabofrio.com.br\/edicoes\/wp-content\/uploads\/2021\/08\/Delicias-da-Dinda.jpg');\" class=\"image\">\n<div class=\"overlayeffect\"><\/div>\n<\/div>\n<p>     <\/a>\n    <\/div>\n<\/li>\n<p><\/p>\n<li>\n<div class=\"title\">\n<h4>Del\u00edrio's Restaurante<\/h4>\n<\/p><\/div>\n<div>\n     <a href=\"https:\/\/saboresdecabofrio.com.br\/edicoes\/menu\/un-jour-en-france\/\"><\/p>\n<div style=\"background-image: url('https:\/\/saboresdecabofrio.com.br\/edicoes\/wp-content\/uploads\/2021\/08\/Delirios.jpg');\" class=\"image\">\n<div class=\"overlayeffect\"><\/div>\n<\/div>\n<p>     <\/a>\n    <\/div>\n<\/li>\n<p><\/p>\n<li>\n<div class=\"title\">\n<h4>Dom Smoker<\/h4>\n<\/p><\/div>\n<div>\n     <a href=\"https:\/\/saboresdecabofrio.com.br\/edicoes\/menu\/texas-trip\/\"><\/p>\n<div style=\"background-image: url('https:\/\/saboresdecabofrio.com.br\/edicoes\/wp-content\/uploads\/2021\/08\/Dom-Smoker.jpg');\" class=\"image\">\n<div class=\"overlayeffect\"><\/div>\n<\/div>\n<p>     <\/a>\n    <\/div>\n<\/li>\n<p><\/p>\n<li>\n<div class=\"title\">\n<h4>dona farinha<\/h4>\n<\/p><\/div>\n<div>\n     <a href=\"https:\/\/saboresdecabofrio.com.br\/edicoes\/menu\/continentes\/\"><\/p>\n<div style=\"background-image: url('https:\/\/saboresdecabofrio.com.br\/edicoes\/wp-content\/uploads\/2021\/08\/Dona-Farinha.jpg');\" class=\"image\">\n<div class=\"overlayeffect\"><\/div>\n<\/div>\n<p>     <\/a>\n    <\/div>\n<\/li>\n<p><\/p>\n<li>\n<div class=\"title\">\n<h4>Duckbill<\/h4>\n<\/p><\/div>\n<div>\n     <a href=\"https:\/\/saboresdecabofrio.com.br\/edicoes\/menu\/duckbill-na-taca\/\"><\/p>\n<div style=\"background-image: url('https:\/\/saboresdecabofrio.com.br\/edicoes\/wp-content\/uploads\/2021\/08\/Duckbill.jpg');\" class=\"image\">\n<div class=\"overlayeffect\"><\/div>\n<\/div>\n<p>     <\/a>\n    <\/div>\n<\/li>\n<p><\/p>\n<li>\n<div class=\"title\">\n<h4>dui<\/h4>\n<\/p><\/div>\n<div>\n     <a href=\"https:\/\/saboresdecabofrio.com.br\/edicoes\/menu\/atarashi\/\"><\/p>\n<div style=\"background-image: url('https:\/\/saboresdecabofrio.com.br\/edicoes\/wp-content\/uploads\/2021\/08\/Dui.jpg');\" class=\"image\">\n<div class=\"overlayeffect\"><\/div>\n<\/div>\n<p>     <\/a>\n    <\/div>\n<\/li>\n<p><\/p>\n<li>\n<div class=\"title\">\n<h4>escrit\u00f3rio do Chef<\/h4>\n<\/p><\/div>\n<div>\n     <a href=\"https:\/\/saboresdecabofrio.com.br\/edicoes\/menu\/sabores-do-mundo\/\"><\/p>\n<div style=\"background-image: url('https:\/\/saboresdecabofrio.com.br\/edicoes\/wp-content\/uploads\/2021\/08\/Escritorio-1.jpg');\" class=\"image\">\n<div class=\"overlayeffect\"><\/div>\n<\/div>\n<p>     <\/a>\n    <\/div>\n<\/li>\n<p><\/p>\n<li>\n<div class=\"title\">\n<h4>Faella Bistr\u00f4<\/h4>\n<\/p><\/div>\n<div>\n     <a href=\"https:\/\/saboresdecabofrio.com.br\/edicoes\/menu\/pythagoras\/\"><\/p>\n<div style=\"background-image: url('https:\/\/saboresdecabofrio.com.br\/edicoes\/wp-content\/uploads\/2021\/08\/Faella-Bistro.jpg');\" class=\"image\">\n<div class=\"overlayeffect\"><\/div>\n<\/div>\n<p>     <\/a>\n    <\/div>\n<\/li>\n<p><\/p>\n<li>\n<div class=\"title\">\n<h4>Finestra<\/h4>\n<\/p><\/div>\n<div>\n     <a href=\"https:\/\/saboresdecabofrio.com.br\/edicoes\/menu\/pizza-havaiana\/\"><\/p>\n<div style=\"background-image: url('https:\/\/saboresdecabofrio.com.br\/edicoes\/wp-content\/uploads\/2021\/08\/Finestra.jpg');\" class=\"image\">\n<div class=\"overlayeffect\"><\/div>\n<\/div>\n<p>     <\/a>\n    <\/div>\n<\/li>\n<p><\/p>\n<li>\n<div class=\"title\">\n<h4>Fratelli<\/h4>\n<\/p><\/div>\n<div>\n     <a href=\"https:\/\/saboresdecabofrio.com.br\/edicoes\/menu\/piadina-tricolore\/\"><\/p>\n<div style=\"background-image: url('https:\/\/saboresdecabofrio.com.br\/edicoes\/wp-content\/uploads\/2021\/08\/Fratelli.jpg');\" class=\"image\">\n<div class=\"overlayeffect\"><\/div>\n<\/div>\n<p>     <\/a>\n    <\/div>\n<\/li>\n<p><\/p>\n<li>\n<div class=\"title\">\n<h4>Havanna<\/h4>\n<\/p><\/div>\n<div>\n     <a href=\"https:\/\/saboresdecabofrio.com.br\/edicoes\/menu\/cheesecake-de-dulce-de-leche\/\"><\/p>\n<div style=\"background-image: url('https:\/\/saboresdecabofrio.com.br\/edicoes\/wp-content\/uploads\/2021\/08\/Havana-Cafe.jpg');\" class=\"image\">\n<div class=\"overlayeffect\"><\/div>\n<\/div>\n<p>     <\/a>\n    <\/div>\n<\/li>\n<p><\/p>\n<li>\n<div class=\"title\">\n<h4>iconiko<\/h4>\n<\/p><\/div>\n<div>\n     <a href=\"https:\/\/saboresdecabofrio.com.br\/edicoes\/menu\/woton-nero-de-frutos-do-mar\/\"><\/p>\n<div style=\"background-image: url('https:\/\/saboresdecabofrio.com.br\/edicoes\/wp-content\/uploads\/2021\/08\/Ikonico.jpg');\" class=\"image\">\n<div class=\"overlayeffect\"><\/div>\n<\/div>\n<p>     <\/a>\n    <\/div>\n<\/li>\n<p><\/p>\n<li>\n<div class=\"title\">\n<h4>Jos\u00e9<\/h4>\n<\/p><\/div>\n<div>\n     <a href=\"https:\/\/saboresdecabofrio.com.br\/edicoes\/menu\/para-oriental\/\"><\/p>\n<div style=\"background-image: url('https:\/\/saboresdecabofrio.com.br\/edicoes\/wp-content\/uploads\/2021\/08\/Jose-Mar.jpg');\" class=\"image\">\n<div class=\"overlayeffect\"><\/div>\n<\/div>\n<p>     <\/a>\n    <\/div>\n<\/li>\n<p><\/p>\n<li>\n<div class=\"title\">\n<h4>July Marie<\/h4>\n<\/p><\/div>\n<div>\n     <a href=\"https:\/\/saboresdecabofrio.com.br\/edicoes\/menu\/cookie-marie\/\"><\/p>\n<div style=\"background-image: url('https:\/\/saboresdecabofrio.com.br\/edicoes\/wp-content\/uploads\/2021\/08\/Marie-Doceria.jpg');\" class=\"image\">\n<div class=\"overlayeffect\"><\/div>\n<\/div>\n<p>     <\/a>\n    <\/div>\n<\/li>\n<p><\/p>\n<li>\n<div class=\"title\">\n<h4>Kent\u00f4<\/h4>\n<\/p><\/div>\n<div>\n     <a href=\"https:\/\/saboresdecabofrio.com.br\/edicoes\/menu\/chilli-lamen\/\"><\/p>\n<div style=\"background-image: url('https:\/\/saboresdecabofrio.com.br\/edicoes\/wp-content\/uploads\/2021\/08\/Kento.jpg');\" class=\"image\">\n<div class=\"overlayeffect\"><\/div>\n<\/div>\n<p>     <\/a>\n    <\/div>\n<\/li>\n<p><\/p>\n<li>\n<div class=\"title\">\n<h4>King Gourmet<\/h4>\n<\/p><\/div>\n<div>\n     <a href=\"https:\/\/saboresdecabofrio.com.br\/edicoes\/menu\/sabor-da-asia\/\"><\/p>\n<div style=\"background-image: url('https:\/\/saboresdecabofrio.com.br\/edicoes\/wp-content\/uploads\/2021\/08\/King-Gourmet.jpg');\" class=\"image\">\n<div class=\"overlayeffect\"><\/div>\n<\/div>\n<p>     <\/a>\n    <\/div>\n<\/li>\n<p><\/p>\n<li>\n<div class=\"title\">\n<h4>koala<\/h4>\n<\/p><\/div>\n<div>\n     <a href=\"https:\/\/saboresdecabofrio.com.br\/edicoes\/menu\/da-australia-ao-koala\/\"><\/p>\n<div style=\"background-image: url('https:\/\/saboresdecabofrio.com.br\/edicoes\/wp-content\/uploads\/2021\/08\/Koala.jpg');\" class=\"image\">\n<div class=\"overlayeffect\"><\/div>\n<\/div>\n<p>     <\/a>\n    <\/div>\n<\/li>\n<p><\/p>\n<li>\n<div class=\"title\">\n<h4>l\u00e1 e c\u00e1<\/h4>\n<\/p><\/div>\n<div>\n     <a href=\"https:\/\/saboresdecabofrio.com.br\/edicoes\/menu\/bacalhoada-portuguesa-no-forno\/\"><\/p>\n<div style=\"background-image: url('https:\/\/saboresdecabofrio.com.br\/edicoes\/wp-content\/uploads\/2021\/08\/La-e-Ca.jpg');\" class=\"image\">\n<div class=\"overlayeffect\"><\/div>\n<\/div>\n<p>     <\/a>\n    <\/div>\n<\/li>\n<p><\/p>\n<li>\n<div class=\"title\">\n<h4>La Gondole<\/h4>\n<\/p><\/div>\n<div>\n     <a href=\"https:\/\/saboresdecabofrio.com.br\/edicoes\/menu\/zarzuela\/\"><\/p>\n<div style=\"background-image: url('https:\/\/saboresdecabofrio.com.br\/edicoes\/wp-content\/uploads\/2021\/08\/La-Gondole.jpg');\" class=\"image\">\n<div class=\"overlayeffect\"><\/div>\n<\/div>\n<p>     <\/a>\n    <\/div>\n<\/li>\n<p><\/p>\n<li>\n<div class=\"title\">\n<h4>le monde<\/h4>\n<\/p><\/div>\n<div>\n     <a href=\"https:\/\/saboresdecabofrio.com.br\/edicoes\/menu\/explosao-de-sabores\/\"><\/p>\n<div style=\"background-image: url('https:\/\/saboresdecabofrio.com.br\/edicoes\/wp-content\/uploads\/2021\/08\/Le-Monde.jpg');\" class=\"image\">\n<div class=\"overlayeffect\"><\/div>\n<\/div>\n<p>     <\/a>\n    <\/div>\n<\/li>\n<p><\/p>\n<li>\n<div class=\"title\">\n<h4>Limoeiro<\/h4>\n<\/p><\/div>\n<div>\n     <a href=\"https:\/\/saboresdecabofrio.com.br\/edicoes\/menu\/manaos\/\"><\/p>\n<div style=\"background-image: url('https:\/\/saboresdecabofrio.com.br\/edicoes\/wp-content\/uploads\/2021\/08\/Limoeiro.jpg');\" class=\"image\">\n<div class=\"overlayeffect\"><\/div>\n<\/div>\n<p>     <\/a>\n    <\/div>\n<\/li>\n<p><\/p>\n<li>\n<div class=\"title\">\n<h4>Los Crepes<\/h4>\n<\/p><\/div>\n<div>\n     <a href=\"https:\/\/saboresdecabofrio.com.br\/edicoes\/menu\/creme-de-la-creme\/\"><\/p>\n<div style=\"background-image: url('https:\/\/saboresdecabofrio.com.br\/edicoes\/wp-content\/uploads\/2021\/08\/Los-Crepes.jpg');\" class=\"image\">\n<div class=\"overlayeffect\"><\/div>\n<\/div>\n<p>     <\/a>\n    <\/div>\n<\/li>\n<p><\/p>\n<li>\n<div class=\"title\">\n<h4>maj\u00e1ra do canal<\/h4>\n<\/p><\/div>\n<div>\n     <a href=\"https:\/\/saboresdecabofrio.com.br\/edicoes\/menu\/risoto-al-mare\/\"><\/p>\n<div style=\"background-image: url('https:\/\/saboresdecabofrio.com.br\/edicoes\/wp-content\/uploads\/2021\/08\/Majara-do-Canal.jpg');\" class=\"image\">\n<div class=\"overlayeffect\"><\/div>\n<\/div>\n<p>     <\/a>\n    <\/div>\n<\/li>\n<p><\/p>\n<li>\n<div class=\"title\">\n<h4>Mar\u00e1<\/h4>\n<\/p><\/div>\n<div>\n     <a href=\"https:\/\/saboresdecabofrio.com.br\/edicoes\/menu\/picadinho-de-camarao\/\"><\/p>\n<div style=\"background-image: url('https:\/\/saboresdecabofrio.com.br\/edicoes\/wp-content\/uploads\/2021\/08\/Mara.jpg');\" class=\"image\">\n<div class=\"overlayeffect\"><\/div>\n<\/div>\n<p>     <\/a>\n    <\/div>\n<\/li>\n<p><\/p>\n<li>\n<div class=\"title\">\n<h4>Mingolo<\/h4>\n<\/p><\/div>\n<div>\n     <a href=\"https:\/\/saboresdecabofrio.com.br\/edicoes\/menu\/delicias-do-mundo\/\"><\/p>\n<div style=\"background-image: url('https:\/\/saboresdecabofrio.com.br\/edicoes\/wp-content\/uploads\/2021\/08\/Mingolo.jpg');\" class=\"image\">\n<div class=\"overlayeffect\"><\/div>\n<\/div>\n<p>     <\/a>\n    <\/div>\n<\/li>\n<p><\/p>\n<li>\n<div class=\"title\">\n<h4>naturall Gourmet<\/h4>\n<\/p><\/div>\n<div>\n     <a href=\"https:\/\/saboresdecabofrio.com.br\/edicoes\/menu\/dos-continentes-ao-naturall\/\"><\/p>\n<div style=\"background-image: url('https:\/\/saboresdecabofrio.com.br\/edicoes\/wp-content\/uploads\/2021\/08\/Naturall-Gourmet.jpg');\" class=\"image\">\n<div class=\"overlayeffect\"><\/div>\n<\/div>\n<p>     <\/a>\n    <\/div>\n<\/li>\n<p><\/p>\n<li>\n<div class=\"title\">\n<h4>Nevada Do\u00e7aria<\/h4>\n<\/p><\/div>\n<div>\n     <a href=\"https:\/\/saboresdecabofrio.com.br\/edicoes\/menu\/floresta-negra\/\"><\/p>\n<div style=\"background-image: url('https:\/\/saboresdecabofrio.com.br\/edicoes\/wp-content\/uploads\/2021\/08\/Nevada.jpg');\" class=\"image\">\n<div class=\"overlayeffect\"><\/div>\n<\/div>\n<p>     <\/a>\n    <\/div>\n<\/li>\n<p><\/p>\n<li>\n<div class=\"title\">\n<h4>Niko<\/h4>\n<\/p><\/div>\n<div>\n     <a href=\"https:\/\/saboresdecabofrio.com.br\/edicoes\/menu\/asinhas-ao-estilo-buffalo-wings\/\"><\/p>\n<div style=\"background-image: url('https:\/\/saboresdecabofrio.com.br\/edicoes\/wp-content\/uploads\/2021\/08\/Niko.jpg');\" class=\"image\">\n<div class=\"overlayeffect\"><\/div>\n<\/div>\n<p>     <\/a>\n    <\/div>\n<\/li>\n<p><\/p>\n<li>\n<div class=\"title\">\n<h4>Nova Onda<\/h4>\n<\/p><\/div>\n<div>\n     <a href=\"https:\/\/saboresdecabofrio.com.br\/edicoes\/menu\/medalhao-nova-onda\/\"><\/p>\n<div style=\"background-image: url('https:\/\/saboresdecabofrio.com.br\/edicoes\/wp-content\/uploads\/2021\/08\/Nova-Onda.jpg');\" class=\"image\">\n<div class=\"overlayeffect\"><\/div>\n<\/div>\n<p>     <\/a>\n    <\/div>\n<\/li>\n<p><\/p>\n<li>\n<div class=\"title\">\n<h4>office cafe<\/h4>\n<\/p><\/div>\n<div>\n     <a href=\"https:\/\/saboresdecabofrio.com.br\/edicoes\/menu\/cintura-de-moca\/\"><\/p>\n<div style=\"background-image: url('https:\/\/saboresdecabofrio.com.br\/edicoes\/wp-content\/uploads\/2021\/08\/Office-Cafe.jpg');\" class=\"image\">\n<div class=\"overlayeffect\"><\/div>\n<\/div>\n<p>     <\/a>\n    <\/div>\n<\/li>\n<p><\/p>\n<li>\n<div class=\"title\">\n<h4>Paelo<\/h4>\n<\/p><\/div>\n<div>\n     <a href=\"https:\/\/saboresdecabofrio.com.br\/edicoes\/menu\/napo\/\"><\/p>\n<div style=\"background-image: url('https:\/\/saboresdecabofrio.com.br\/edicoes\/wp-content\/uploads\/2021\/08\/Paello.jpg');\" class=\"image\">\n<div class=\"overlayeffect\"><\/div>\n<\/div>\n<p>     <\/a>\n    <\/div>\n<\/li>\n<p><\/p>\n<li>\n<div class=\"title\">\n<h4>Palermo<\/h4>\n<\/p><\/div>\n<div>\n     <a href=\"https:\/\/saboresdecabofrio.com.br\/edicoes\/menu\/toni-paulo\/\"><\/p>\n<div style=\"background-image: url('https:\/\/saboresdecabofrio.com.br\/edicoes\/wp-content\/uploads\/2021\/08\/Palermo.jpg');\" class=\"image\">\n<div class=\"overlayeffect\"><\/div>\n<\/div>\n<p>     <\/a>\n    <\/div>\n<\/li>\n<p><\/p>\n<li>\n<div class=\"title\">\n<h4>Paradiso Gourmet<\/h4>\n<\/p><\/div>\n<div>\n     <a href=\"https:\/\/saboresdecabofrio.com.br\/edicoes\/menu\/peregrino\/\"><\/p>\n<div style=\"background-image: url('https:\/\/saboresdecabofrio.com.br\/edicoes\/wp-content\/uploads\/2021\/08\/Paradiso-Gourmet.jpg');\" class=\"image\">\n<div class=\"overlayeffect\"><\/div>\n<\/div>\n<p>     <\/a>\n    <\/div>\n<\/li>\n<p><\/p>\n<li>\n<div class=\"title\">\n<h4>Picolino<\/h4>\n<\/p><\/div>\n<div>\n     <a href=\"https:\/\/saboresdecabofrio.com.br\/edicoes\/menu\/caminhos\/\"><\/p>\n<div style=\"background-image: url('https:\/\/saboresdecabofrio.com.br\/edicoes\/wp-content\/uploads\/2021\/08\/Picolino.jpg');\" class=\"image\">\n<div class=\"overlayeffect\"><\/div>\n<\/div>\n<p>     <\/a>\n    <\/div>\n<\/li>\n<p><\/p>\n<li>\n<div class=\"title\">\n<h4>pier beach<\/h4>\n<\/p><\/div>\n<div>\n     <a href=\"https:\/\/saboresdecabofrio.com.br\/edicoes\/menu\/sinfonia-do-mar\/\"><\/p>\n<div style=\"background-image: url('https:\/\/saboresdecabofrio.com.br\/edicoes\/wp-content\/uploads\/2021\/08\/Pier-Beach.jpg');\" class=\"image\">\n<div class=\"overlayeffect\"><\/div>\n<\/div>\n<p>     <\/a>\n    <\/div>\n<\/li>\n<p><\/p>\n<li>\n<div class=\"title\">\n<h4>Portoveleiro<\/h4>\n<\/p><\/div>\n<div>\n     <a href=\"https:\/\/saboresdecabofrio.com.br\/edicoes\/menu\/nhoque-da-nona\/\"><\/p>\n<div style=\"background-image: url('https:\/\/saboresdecabofrio.com.br\/edicoes\/wp-content\/uploads\/2021\/08\/Portoveleiro.jpg');\" class=\"image\">\n<div class=\"overlayeffect\"><\/div>\n<\/div>\n<p>     <\/a>\n    <\/div>\n<\/li>\n<p><\/p>\n<li>\n<div class=\"title\">\n<h4>Quasar<\/h4>\n<\/p><\/div>\n<div>\n     <a href=\"https:\/\/saboresdecabofrio.com.br\/edicoes\/menu\/ice-cookie\/\"><\/p>\n<div style=\"background-image: url('https:\/\/saboresdecabofrio.com.br\/edicoes\/wp-content\/uploads\/2021\/08\/quasar-1.jpg');\" class=\"image\">\n<div class=\"overlayeffect\"><\/div>\n<\/div>\n<p>     <\/a>\n    <\/div>\n<\/li>\n<p><\/p>\n<li>\n<div class=\"title\">\n<h4>quintal lusitano<\/h4>\n<\/p><\/div>\n<div>\n     <a href=\"https:\/\/saboresdecabofrio.com.br\/edicoes\/menu\/risoto-mediterraneo\/\"><\/p>\n<div style=\"background-image: url('https:\/\/saboresdecabofrio.com.br\/edicoes\/wp-content\/uploads\/2021\/08\/Quintal-Lusitano.jpg');\" class=\"image\">\n<div class=\"overlayeffect\"><\/div>\n<\/div>\n<p>     <\/a>\n    <\/div>\n<\/li>\n<p><\/p>\n<li>\n<div class=\"title\">\n<h4>Roma Caf\u00e9<\/h4>\n<\/p><\/div>\n<div>\n     <a href=\"https:\/\/saboresdecabofrio.com.br\/edicoes\/menu\/pavlova-de-quelm\/\"><\/p>\n<div style=\"background-image: url('https:\/\/saboresdecabofrio.com.br\/edicoes\/wp-content\/uploads\/2021\/08\/Roma-Cafe.jpg');\" class=\"image\">\n<div class=\"overlayeffect\"><\/div>\n<\/div>\n<p>     <\/a>\n    <\/div>\n<\/li>\n<p><\/p>\n<li>\n<div class=\"title\">\n<h4>Sabor e arte<\/h4>\n<\/p><\/div>\n<div>\n     <a href=\"https:\/\/saboresdecabofrio.com.br\/edicoes\/menu\/file-a-eurasia\/\"><\/p>\n<div style=\"background-image: url('https:\/\/saboresdecabofrio.com.br\/edicoes\/wp-content\/uploads\/2021\/08\/Sabor-e-Arte.jpg');\" class=\"image\">\n<div class=\"overlayeffect\"><\/div>\n<\/div>\n<p>     <\/a>\n    <\/div>\n<\/li>\n<p><\/p>\n<li>\n<div class=\"title\">\n<h4>sem frescura<\/h4>\n<\/p><\/div>\n<div>\n     <a href=\"https:\/\/saboresdecabofrio.com.br\/edicoes\/menu\/spuma-di-pomodoro\/\"><\/p>\n<div style=\"background-image: url('https:\/\/saboresdecabofrio.com.br\/edicoes\/wp-content\/uploads\/2021\/08\/Sem-Frescura.jpg');\" class=\"image\">\n<div class=\"overlayeffect\"><\/div>\n<\/div>\n<p>     <\/a>\n    <\/div>\n<\/li>\n<p><\/p>\n<li>\n<div class=\"title\">\n<h4>showrasquinho gourmet<\/h4>\n<\/p><\/div>\n<div>\n     <a href=\"https:\/\/saboresdecabofrio.com.br\/edicoes\/menu\/cupim-a-gaucha\/\"><\/p>\n<div style=\"background-image: url('https:\/\/saboresdecabofrio.com.br\/edicoes\/wp-content\/uploads\/2021\/08\/Showrasquinho-Gourmet.jpg');\" class=\"image\">\n<div class=\"overlayeffect\"><\/div>\n<\/div>\n<p>     <\/a>\n    <\/div>\n<\/li>\n<p><\/p>\n<li>\n<div class=\"title\">\n<h4>showrasquinho grill<\/h4>\n<\/p><\/div>\n<div>\n     <a href=\"https:\/\/saboresdecabofrio.com.br\/edicoes\/menu\/polvo-du-polo\/\"><\/p>\n<div style=\"background-image: url('https:\/\/saboresdecabofrio.com.br\/edicoes\/wp-content\/uploads\/2021\/08\/Showrasquinho-Grill.jpg');\" class=\"image\">\n<div class=\"overlayeffect\"><\/div>\n<\/div>\n<p>     <\/a>\n    <\/div>\n<\/li>\n<p><\/p>\n<li>\n<div class=\"title\">\n<h4>The Duck Pub<\/h4>\n<\/p><\/div>\n<div>\n     <a href=\"https:\/\/saboresdecabofrio.com.br\/edicoes\/menu\/irish-brisket\/\"><\/p>\n<div style=\"background-image: url('https:\/\/saboresdecabofrio.com.br\/edicoes\/wp-content\/uploads\/2021\/08\/The-Duck-Pub.jpg');\" class=\"image\">\n<div class=\"overlayeffect\"><\/div>\n<\/div>\n<p>     <\/a>\n    <\/div>\n<\/li>\n<p><\/p>\n<li>\n<div class=\"title\">\n<h4>the place<\/h4>\n<\/p><\/div>\n<div>\n     <a href=\"https:\/\/saboresdecabofrio.com.br\/edicoes\/menu\/enchendo-linguica\/\"><\/p>\n<div style=\"background-image: url('https:\/\/saboresdecabofrio.com.br\/edicoes\/wp-content\/uploads\/2021\/08\/The-Place.jpg');\" class=\"image\">\n<div class=\"overlayeffect\"><\/div>\n<\/div>\n<p>     <\/a>\n    <\/div>\n<\/li>\n<p><\/p>\n<li>\n<div class=\"title\">\n<h4>torresmo<\/h4>\n<\/p><\/div>\n<div>\n     <a href=\"https:\/\/saboresdecabofrio.com.br\/edicoes\/menu\/torresmo-tentador\/\"><\/p>\n<div style=\"background-image: url('https:\/\/saboresdecabofrio.com.br\/edicoes\/wp-content\/uploads\/2021\/08\/Torresmo.jpg');\" class=\"image\">\n<div class=\"overlayeffect\"><\/div>\n<\/div>\n<p>     <\/a>\n    <\/div>\n<\/li>\n<p><\/p>\n<li>\n<div class=\"title\">\n<h4>Yummy<\/h4>\n<\/p><\/div>\n<div>\n     <a href=\"https:\/\/saboresdecabofrio.com.br\/edicoes\/menu\/brasileirissimo-2\/\"><\/p>\n<div style=\"background-image: url('https:\/\/saboresdecabofrio.com.br\/edicoes\/wp-content\/uploads\/2021\/08\/Yummy.jpg');\" class=\"image\">\n<div class=\"overlayeffect\"><\/div>\n<\/div>\n<p>     <\/a>\n    <\/div>\n<\/li>\n<p><\/p>\n<li>\n<div class=\"title\">\n<h4>zion<\/h4>\n<\/p><\/div>\n<div>\n     <a href=\"https:\/\/saboresdecabofrio.com.br\/edicoes\/menu\/american-brownie\/\"><\/p>\n<div style=\"background-image: url('https:\/\/saboresdecabofrio.com.br\/edicoes\/wp-content\/uploads\/2021\/08\/Zion-Bike.jpg');\" class=\"image\">\n<div class=\"overlayeffect\"><\/div>\n<\/div>\n<p>     <\/a>\n    <\/div>\n<\/li>\n<p>\n<\/ul>\n<\/div>\n","protected":false},"excerpt":{"rendered":"<p>Brownie de lim\u00e3o siciliano com sorvete de creme, banhado com deliciosa calda de ma\u00e7\u00e3, finalizado com crocante caramelizado.<\/p>\n","protected":false},"author":3,"featured_media":0,"parent":0,"menu_order":0,"comment_status":"closed","ping_status":"closed","template":"","meta":{"yasr_overall_rating":0,"yasr_post_is_review":"","yasr_auto_insert_disabled":"","yasr_review_type":""},"acf":[],"yasr_visitor_votes":{"number_of_votes":0,"sum_votes":0,"stars_attributes":{"read_only":false,"span_bottom":false}},"_links":{"self":[{"href":"https:\/\/saboresdecabofrio.com.br\/edicoes\/wp-json\/wp\/v2\/pages\/7780"}],"collection":[{"href":"https:\/\/saboresdecabofrio.com.br\/edicoes\/wp-json\/wp\/v2\/pages"}],"about":[{"href":"https:\/\/saboresdecabofrio.com.br\/edicoes\/wp-json\/wp\/v2\/types\/page"}],"author":[{"embeddable":true,"href":"https:\/\/saboresdecabofrio.com.br\/edicoes\/wp-json\/wp\/v2\/users\/3"}],"replies":[{"embeddable":true,"href":"https:\/\/saboresdecabofrio.com.br\/edicoes\/wp-json\/wp\/v2\/comments?post=7780"}],"version-history":[{"count":40,"href":"https:\/\/saboresdecabofrio.com.br\/edicoes\/wp-json\/wp\/v2\/pages\/7780\/revisions"}],"predecessor-version":[{"id":8879,"href":"https:\/\/saboresdecabofrio.com.br\/edicoes\/wp-json\/wp\/v2\/pages\/7780\/revisions\/8879"}],"wp:attachment":[{"href":"https:\/\/saboresdecabofrio.com.br\/edicoes\/wp-json\/wp\/v2\/media?parent=7780"}],"curies":[{"name":"wp","href":"https:\/\/api.w.org\/{rel}","templated":true}]}}