{"id":8308,"date":"2021-09-01T16:15:34","date_gmt":"2021-09-01T19:15:34","guid":{"rendered":"https:\/\/saboresdecabofrio.com.br\/edicoes\/?page_id=8308"},"modified":"2021-09-13T13:22:08","modified_gmt":"2021-09-13T16:22:08","slug":"chef-por-um-dia","status":"publish","type":"page","link":"https:\/\/saboresdecabofrio.com.br\/edicoes\/chef-por-um-dia\/","title":{"rendered":"Chef por um dia"},"content":{"rendered":"\t\t<div data-elementor-type=\"wp-page\" data-elementor-id=\"8308\" class=\"elementor elementor-8308\">\n\t\t\t\t\t\t<div class=\"elementor-inner\">\n\t\t\t\t<div class=\"elementor-section-wrap\">\n\t\t\t\t\t\t\t\t\t<section class=\"elementor-section elementor-top-section elementor-element elementor-element-bd3d157 elementor-section-boxed elementor-section-height-default elementor-section-height-default\" data-id=\"bd3d157\" data-element_type=\"section\">\n\t\t\t\t\t\t<div class=\"elementor-container elementor-column-gap-default\">\n\t\t\t\t\t\t\t<div class=\"elementor-row\">\n\t\t\t\t\t<div class=\"elementor-column elementor-col-100 elementor-top-column elementor-element elementor-element-7610283\" data-id=\"7610283\" data-element_type=\"column\">\n\t\t\t<div class=\"elementor-column-wrap elementor-element-populated\">\n\t\t\t\t\t\t\t<div class=\"elementor-widget-wrap\">\n\t\t\t\t\t\t<div class=\"elementor-element elementor-element-88ba841 elementor-widget elementor-widget-heading\" data-id=\"88ba841\" data-element_type=\"widget\" data-widget_type=\"heading.default\">\n\t\t\t\t<div class=\"elementor-widget-container\">\n\t\t\t<h2 class=\"elementor-heading-title elementor-size-default\">Quer ser chef por um dia no Festival Sabores de Cabo Frio?\n<\/h2>\t\t<\/div>\n\t\t\t\t<\/div>\n\t\t\t\t<div class=\"elementor-element elementor-element-e69d1a8 elementor-widget elementor-widget-text-editor\" data-id=\"e69d1a8\" data-element_type=\"widget\" data-widget_type=\"text-editor.default\">\n\t\t\t\t<div class=\"elementor-widget-container\">\n\t\t\t\t\t\t\t\t<div class=\"elementor-text-editor elementor-clearfix\">\n\t\t\t\tNos dias 15, 22 e 29 de setembro, os chefs Luis Roque Arguello, Denise Linhares e Fl\u00e1vio Flarys estar\u00e3o no Espa\u00e7o Gourmet, no Shopping Park Lagos, dando aulas online. Eles v\u00e3o ensinar receitas em tempo real para o p\u00fablico acompanhar e preparar em casa!\n\nPara participar e ter acesso ao link das aulas, al\u00e9m da lista de ingredientes para o preparo das receitas, preencha o formul\u00e1rio abaixo.\n\nAo fim de cada aula, os participantes concorrem ao sorteio de brindes oferecidos por parceiros e fornecedores do evento.\n\nO ganhador poder\u00e1 se apresentar no espa\u00e7o gourmet para o p\u00fablico.\t\t\t\t\t<\/div>\n\t\t\t\t\t\t<\/div>\n\t\t\t\t<\/div>\n\t\t\t\t\t\t<\/div>\n\t\t\t\t\t<\/div>\n\t\t<\/div>\n\t\t\t\t\t\t\t\t<\/div>\n\t\t\t\t\t<\/div>\n\t\t<\/section>\n\t\t\t\t<section class=\"elementor-section elementor-top-section elementor-element elementor-element-c0f2f16 elementor-section-boxed elementor-section-height-default elementor-section-height-default\" data-id=\"c0f2f16\" data-element_type=\"section\">\n\t\t\t\t\t\t<div class=\"elementor-container elementor-column-gap-default\">\n\t\t\t\t\t\t\t<div class=\"elementor-row\">\n\t\t\t\t\t<div class=\"elementor-column elementor-col-100 elementor-top-column elementor-element elementor-element-e180d1b\" data-id=\"e180d1b\" data-element_type=\"column\">\n\t\t\t<div class=\"elementor-column-wrap\">\n\t\t\t\t\t\t\t<div class=\"elementor-widget-wrap\">\n\t\t\t\t\t\t\t\t<\/div>\n\t\t\t\t\t<\/div>\n\t\t<\/div>\n\t\t\t\t\t\t\t\t<\/div>\n\t\t\t\t\t<\/div>\n\t\t<\/section>\n\t\t\t\t<section class=\"elementor-section elementor-top-section elementor-element elementor-element-e86c549 elementor-section-boxed elementor-section-height-default elementor-section-height-default\" data-id=\"e86c549\" data-element_type=\"section\">\n\t\t\t\t\t\t<div class=\"elementor-container elementor-column-gap-default\">\n\t\t\t\t\t\t\t<div class=\"elementor-row\">\n\t\t\t\t\t<div class=\"elementor-column elementor-col-100 elementor-top-column elementor-element elementor-element-d62766c\" data-id=\"d62766c\" data-element_type=\"column\">\n\t\t\t<div class=\"elementor-column-wrap elementor-element-populated\">\n\t\t\t\t\t\t\t<div class=\"elementor-widget-wrap\">\n\t\t\t\t\t\t<div class=\"elementor-element elementor-element-0b1ed03 elementor-widget elementor-widget-heading\" data-id=\"0b1ed03\" data-element_type=\"widget\" data-widget_type=\"heading.default\">\n\t\t\t\t<div class=\"elementor-widget-container\">\n\t\t\t<h2 class=\"elementor-heading-title elementor-size-default\">Realiza\u00e7\u00e3o<\/h2>\t\t<\/div>\n\t\t\t\t<\/div>\n\t\t\t\t<div class=\"elementor-element elementor-element-5ca5df4 elementor-widget elementor-widget-image\" data-id=\"5ca5df4\" data-element_type=\"widget\" data-widget_type=\"image.default\">\n\t\t\t\t<div class=\"elementor-widget-container\">\n\t\t\t\t\t\t\t\t<div class=\"elementor-image\">\n\t\t\t\t\t\t\t\t\t\t\t\t<img width=\"1024\" height=\"223\" src=\"https:\/\/saboresdecabofrio.com.br\/edicoes\/wp-content\/uploads\/2021\/09\/realizadores-2021-1024x223.png\" class=\"attachment-large size-large\" alt=\"\" loading=\"lazy\" srcset=\"https:\/\/saboresdecabofrio.com.br\/edicoes\/wp-content\/uploads\/2021\/09\/realizadores-2021-1024x223.png 1024w, https:\/\/saboresdecabofrio.com.br\/edicoes\/wp-content\/uploads\/2021\/09\/realizadores-2021-300x65.png 300w, https:\/\/saboresdecabofrio.com.br\/edicoes\/wp-content\/uploads\/2021\/09\/realizadores-2021-768x167.png 768w, https:\/\/saboresdecabofrio.com.br\/edicoes\/wp-content\/uploads\/2021\/09\/realizadores-2021-1536x334.png 1536w, https:\/\/saboresdecabofrio.com.br\/edicoes\/wp-content\/uploads\/2021\/09\/realizadores-2021-2048x446.png 2048w\" sizes=\"(max-width: 1024px) 100vw, 1024px\" \/>\t\t\t\t\t\t\t\t\t\t\t\t\t\t<\/div>\n\t\t\t\t\t\t<\/div>\n\t\t\t\t<\/div>\n\t\t\t\t\t\t<\/div>\n\t\t\t\t\t<\/div>\n\t\t<\/div>\n\t\t\t\t\t\t\t\t<\/div>\n\t\t\t\t\t<\/div>\n\t\t<\/section>\n\t\t\t\t\t\t\t\t\t<\/div>\n\t\t\t<\/div>\n\t\t\t\t\t<\/div>\n\t\t","protected":false},"excerpt":{"rendered":"<p>Quer ser chef por um dia no Festival Sabores de Cabo Frio? Nos dias 15, 22 e 29 de setembro, os chefs Luis Roque Arguello, Denise Linhares e Fl\u00e1vio Flarys estar\u00e3o no Espa\u00e7o Gourmet, no Shopping Park Lagos, dando aulas online. Eles v\u00e3o ensinar receitas em tempo real para o p\u00fablico acompanhar e preparar em [&#8230;]<\/p>\n","protected":false},"author":3,"featured_media":0,"parent":0,"menu_order":0,"comment_status":"closed","ping_status":"closed","template":"","meta":{"yasr_overall_rating":0,"yasr_post_is_review":"","yasr_auto_insert_disabled":"","yasr_review_type":""},"acf":[],"yasr_visitor_votes":{"number_of_votes":0,"sum_votes":0,"stars_attributes":{"read_only":false,"span_bottom":false}},"_links":{"self":[{"href":"https:\/\/saboresdecabofrio.com.br\/edicoes\/wp-json\/wp\/v2\/pages\/8308"}],"collection":[{"href":"https:\/\/saboresdecabofrio.com.br\/edicoes\/wp-json\/wp\/v2\/pages"}],"about":[{"href":"https:\/\/saboresdecabofrio.com.br\/edicoes\/wp-json\/wp\/v2\/types\/page"}],"author":[{"embeddable":true,"href":"https:\/\/saboresdecabofrio.com.br\/edicoes\/wp-json\/wp\/v2\/users\/3"}],"replies":[{"embeddable":true,"href":"https:\/\/saboresdecabofrio.com.br\/edicoes\/wp-json\/wp\/v2\/comments?post=8308"}],"version-history":[{"count":30,"href":"https:\/\/saboresdecabofrio.com.br\/edicoes\/wp-json\/wp\/v2\/pages\/8308\/revisions"}],"predecessor-version":[{"id":8564,"href":"https:\/\/saboresdecabofrio.com.br\/edicoes\/wp-json\/wp\/v2\/pages\/8308\/revisions\/8564"}],"wp:attachment":[{"href":"https:\/\/saboresdecabofrio.com.br\/edicoes\/wp-json\/wp\/v2\/media?parent=8308"}],"curies":[{"name":"wp","href":"https:\/\/api.w.org\/{rel}","templated":true}]}}