{"id":835,"date":"2015-09-02T14:08:06","date_gmt":"2015-09-02T17:08:06","guid":{"rendered":"https:\/\/saboresdecabofrio.com.br\/edicoes\/?page_id=835"},"modified":"2017-08-04T20:09:50","modified_gmt":"2017-08-04T23:09:50","slug":"espaco-gourmet-2015","status":"publish","type":"page","link":"https:\/\/saboresdecabofrio.com.br\/edicoes\/espaco-gourmet-2015\/","title":{"rendered":"Espa\u00e7o Gourmet 2015"},"content":{"rendered":"<div style=\"margin-left: 13px; margin-bottom: 30px;\">Um diferencial do Festival, o Espa\u00e7o Gourmet aberto ao p\u00fablico, localizado do Shopping Park Lagos. Ele \u00e9 destinado \u00e0 degusta\u00e7\u00e3o de cervejas, vinhos e azeites, al\u00e9m de aulas de gastronomia ministradas por chefs locais e convidados. Em 2015, contou com a presen\u00e7a dos chefs Romano Fontanive, do restaurante Gabbiano, na Barra, e Jimmy Mcmanis, um dos fundadores do coletivo Ogrostronomia.<\/p>\n<p>No local, uma cozinha \u00e9 montada para compartilhar os mais diversos sabores. A ideia \u00e9 promover um interc\u00e2mbio gastron\u00f4mico. O Espa\u00e7o tamb\u00e9m \u00e9 destinado \u00e0 imprensa da \u00e1rea gastron\u00f4mica.\n<\/p><\/div>\n<div class=\"container single-menu\">\n   <\/p>\n<div class=\"ten columns pic\"><img width=\"750\" height=\"375\" src=\"https:\/\/saboresdecabofrio.com.br\/edicoes\/wp-content\/uploads\/2016\/08\/3Galeto-do-Z\u00e9-2-750x375.jpg\" class=\"attachment-full size-full wp-post-image\" alt=\"\" loading=\"lazy\" srcset=\"https:\/\/saboresdecabofrio.com.br\/edicoes\/wp-content\/uploads\/2016\/08\/3Galeto-do-Z\u00e9-2-750x375.jpg 750w, https:\/\/saboresdecabofrio.com.br\/edicoes\/wp-content\/uploads\/2016\/08\/3Galeto-do-Z\u00e9-2-750x375-300x150.jpg 300w\" sizes=\"(max-width: 750px) 100vw, 750px\" \/><\/div>\n<div class=\"six columns\">\n<h3><a href=\"https:\/\/saboresdecabofrio.com.br\/edicoes\/festival-de-sabores-agita-a-gastronomia-de-cabo-frio\/\">Festival de Sabores agita a gastronomia de Cabo Frio<\/a><\/h3>\nJ\u00e1 n\u00e3o \u00e9 novidade que a gastronomia de Cabo Frio vem sendo consolidada a cada ano como uma das grandes atra\u00e7\u00f5es da cidade. Como forma de afirmar e celebrar ainda mais este cen\u00e1rio, ser\u00e1 lan\u00e7ada a segunda edi\u00e7\u00e3o do Festival de Sabores. O evento tem in\u00edcio no dia 2 de setembro e vai at\u00e9 2 de outubro. Com a participa\u00e7\u00e3o\n<\/p><\/div>\n<p>   <\/p>\n<div class=\"clear\"><\/div>\n<h4 class=\"sixteen columns title-related\">Outras Apresenta\u00e7\u00f5es:<\/h4>\n<\/p>\n<ul id=\"menu-thumbnail-view\">\n<li class=\"box\">\n     <a href=\"https:\/\/saboresdecabofrio.com.br\/edicoes\/festival-de-sabores-agita-a-gastronomia-de-cabo-frio\/\" class=\"read_more_menu\"><\/a><\/p>\n<div class=\"pic_hover\">\n       <a href=\"https:\/\/saboresdecabofrio.com.br\/edicoes\/festival-de-sabores-agita-a-gastronomia-de-cabo-frio\/\" class=\"image\"><br \/>\n         <span class=\"rollover\"><\/span><br \/>\n         <img width=\"150\" height=\"150\" src=\"https:\/\/saboresdecabofrio.com.br\/edicoes\/wp-content\/uploads\/2016\/08\/3Galeto-do-Z\u00e9-2-750x375-150x150.jpg\" class=\"attachment-thumbnail size-thumbnail wp-post-image\" alt=\"\" loading=\"lazy\" srcset=\"https:\/\/saboresdecabofrio.com.br\/edicoes\/wp-content\/uploads\/2016\/08\/3Galeto-do-Z\u00e9-2-750x375-150x150.jpg 150w, https:\/\/saboresdecabofrio.com.br\/edicoes\/wp-content\/uploads\/2016\/08\/3Galeto-do-Z\u00e9-2-750x375-300x300.jpg 300w\" sizes=\"(max-width: 150px) 100vw, 150px\" \/><br \/>\n       <\/a>\n     <\/div>\n<div class=\"menu-info-b\">\n<h4>Festival de Sabores agita a gastronomia de Cabo Frio<\/h4>\n<\/p><\/div>\n<div class=\"clear\"><\/div>\n<\/li>\n<\/ul>\n<p>   <\/p>\n<ul id=\"menu-thumbnail-view\">\n<li class=\"box\">\n     <a href=\"https:\/\/saboresdecabofrio.com.br\/edicoes\/apresentacao-3\/\" class=\"read_more_menu\"><\/a><\/p>\n<div class=\"pic_hover\">\n       <a href=\"https:\/\/saboresdecabofrio.com.br\/edicoes\/apresentacao-3\/\" class=\"image\"><br \/>\n         <span class=\"rollover\"><\/span><br \/>\n         <img width=\"150\" height=\"150\" src=\"https:\/\/saboresdecabofrio.com.br\/edicoes\/wp-content\/uploads\/2016\/06\/DSC_7158-150x150.jpg\" class=\"attachment-thumbnail size-thumbnail wp-post-image\" alt=\"\" loading=\"lazy\" srcset=\"https:\/\/saboresdecabofrio.com.br\/edicoes\/wp-content\/uploads\/2016\/06\/DSC_7158-150x150.jpg 150w, https:\/\/saboresdecabofrio.com.br\/edicoes\/wp-content\/uploads\/2016\/06\/DSC_7158-300x300.jpg 300w\" sizes=\"(max-width: 150px) 100vw, 150px\" \/><br \/>\n       <\/a>\n     <\/div>\n<div class=\"menu-info-b\">\n<h4>Apresenta\u00e7\u00e3o 3<\/h4>\n<\/p><\/div>\n<div class=\"clear\"><\/div>\n<\/li>\n<\/ul>\n<p>   <\/p>\n<ul id=\"menu-thumbnail-view\">\n<li class=\"box\">\n     <a href=\"https:\/\/saboresdecabofrio.com.br\/edicoes\/apresentacao-2\/\" class=\"read_more_menu\"><\/a><\/p>\n<div class=\"pic_hover\">\n       <a href=\"https:\/\/saboresdecabofrio.com.br\/edicoes\/apresentacao-2\/\" class=\"image\"><br \/>\n         <span class=\"rollover\"><\/span><br \/>\n         <img width=\"150\" height=\"150\" src=\"https:\/\/saboresdecabofrio.com.br\/edicoes\/wp-content\/uploads\/2016\/06\/DSC_7015-150x150.jpg\" class=\"attachment-thumbnail size-thumbnail wp-post-image\" alt=\"\" loading=\"lazy\" srcset=\"https:\/\/saboresdecabofrio.com.br\/edicoes\/wp-content\/uploads\/2016\/06\/DSC_7015-150x150.jpg 150w, https:\/\/saboresdecabofrio.com.br\/edicoes\/wp-content\/uploads\/2016\/06\/DSC_7015-300x300.jpg 300w\" sizes=\"(max-width: 150px) 100vw, 150px\" \/><br \/>\n       <\/a>\n     <\/div>\n<div class=\"menu-info-b\">\n<h4>Apresenta\u00e7\u00e3o 2<\/h4>\n<\/p><\/div>\n<div class=\"clear\"><\/div>\n<\/li>\n<\/ul>\n<p>   <\/p>\n<ul id=\"menu-thumbnail-view\">\n<li class=\"box\">\n     <a href=\"https:\/\/saboresdecabofrio.com.br\/edicoes\/apresentacao-1\/\" class=\"read_more_menu\"><\/a><\/p>\n<div class=\"pic_hover\">\n       <a href=\"https:\/\/saboresdecabofrio.com.br\/edicoes\/apresentacao-1\/\" class=\"image\"><br \/>\n         <span class=\"rollover\"><\/span><br \/>\n         <img width=\"150\" height=\"150\" src=\"https:\/\/saboresdecabofrio.com.br\/edicoes\/wp-content\/uploads\/2016\/06\/DSC_6962-150x150.jpg\" class=\"attachment-thumbnail size-thumbnail wp-post-image\" alt=\"\" loading=\"lazy\" srcset=\"https:\/\/saboresdecabofrio.com.br\/edicoes\/wp-content\/uploads\/2016\/06\/DSC_6962-150x150.jpg 150w, https:\/\/saboresdecabofrio.com.br\/edicoes\/wp-content\/uploads\/2016\/06\/DSC_6962-300x300.jpg 300w\" sizes=\"(max-width: 150px) 100vw, 150px\" \/><br \/>\n       <\/a>\n     <\/div>\n<div class=\"menu-info-b\">\n<h4>Apresenta\u00e7\u00e3o 1<\/h4>\n<\/p><\/div>\n<div class=\"clear\"><\/div>\n<\/li>\n<\/ul>\n<p>   <\/div>\n<div style=\"display: flex;  flex-wrap: wrap;\">\n<div style=\"flex-grow: 2; margin-right: 20px;\">\n<h4 style=\"margin-top: 30px; text-align: center;\">Patroc\u00ednio<\/h4>\n<ul style=\"display: flex;  flex-wrap: wrap; justify-content: center;\">\n     <\/p>\n<li style=\"height: auto; overflow: hidden; border-bottom: none;\"><a href=\"http:\/\/www.fbha.com.br\/\" target=\"_blank\">\n<div style=\"background-image: url(https:\/\/saboresdecabofrio.com.br\/edicoes\/wp-content\/uploads\/2016\/08\/fbha2016-color.png);     width: 210px;   height: 100px;     background-size: cover; background-repeat: no-repeat; background-position: center; \"><\/div>\n<p><\/a><\/li>\n<p>     \n<\/ul>\n<\/div>\n<div style=\"flex-grow: 1;\">\n<h4 style=\"margin-top: 30px; text-align: center;\">Apoio<\/h4>\n<ul style=\"display: flex;  flex-wrap: wrap; justify-content: center;\">\n     <\/p>\n<li style=\"height: auto; overflow: hidden; border-bottom: none;\"><a href=\"http:\/\/www.shoppingparklagos.com.br\/\" target=\"_blank\">\n<div style=\"background-image: url(https:\/\/saboresdecabofrio.com.br\/edicoes\/wp-content\/uploads\/2016\/08\/Logo-ParkLagos.png);     width: 150px;   height: 100px;     background-size: cover; background-repeat: no-repeat; background-position: center; \"><\/div>\n<p><\/a><\/li>\n<p>     <\/p>\n<li style=\"height: auto; overflow: hidden; border-bottom: none;\"><a href=\"https:\/\/facebook.com\/intertvrj\" target=\"_blank\">\n<div style=\"background-image: url(https:\/\/saboresdecabofrio.com.br\/edicoes\/wp-content\/uploads\/2016\/08\/Logo-InterTV-Nova4.png);     width: 150px;   height: 100px;     background-size: cover; background-repeat: no-repeat; background-position: center; \"><\/div>\n<p><\/a><\/li>\n<p>     <\/p>\n<li style=\"height: auto; overflow: hidden; border-bottom: none;\"><a href=\"http:\/\/www.prolagos.com.br\/\" target=\"_blank\">\n<div style=\"background-image: url(https:\/\/saboresdecabofrio.com.br\/edicoes\/wp-content\/uploads\/2016\/08\/prolagos-ago2019.png);     width: 150px;   height: 100px;     background-size: cover; background-repeat: no-repeat; background-position: center; \"><\/div>\n<p><\/a><\/li>\n<p>     <\/p>\n<li style=\"height: auto; overflow: hidden; border-bottom: none;\"><a href=\"http:\/\/terrali.com.br\/site\/\" target=\"_blank\">\n<div style=\"background-image: url(https:\/\/saboresdecabofrio.com.br\/edicoes\/wp-content\/uploads\/2016\/08\/Logo-Terrali.png);     width: 150px;   height: 100px;     background-size: cover; background-repeat: no-repeat; background-position: center; \"><\/div>\n<p><\/a><\/li>\n<p>     \n<\/ul>\n<\/div>\n<\/div>\n","protected":false},"excerpt":{"rendered":"","protected":false},"author":3,"featured_media":0,"parent":0,"menu_order":0,"comment_status":"closed","ping_status":"closed","template":"","meta":{"yasr_overall_rating":0,"yasr_post_is_review":"","yasr_auto_insert_disabled":"","yasr_review_type":""},"acf":[],"yasr_visitor_votes":{"number_of_votes":0,"sum_votes":0,"stars_attributes":{"read_only":false,"span_bottom":false}},"_links":{"self":[{"href":"https:\/\/saboresdecabofrio.com.br\/edicoes\/wp-json\/wp\/v2\/pages\/835"}],"collection":[{"href":"https:\/\/saboresdecabofrio.com.br\/edicoes\/wp-json\/wp\/v2\/pages"}],"about":[{"href":"https:\/\/saboresdecabofrio.com.br\/edicoes\/wp-json\/wp\/v2\/types\/page"}],"author":[{"embeddable":true,"href":"https:\/\/saboresdecabofrio.com.br\/edicoes\/wp-json\/wp\/v2\/users\/3"}],"replies":[{"embeddable":true,"href":"https:\/\/saboresdecabofrio.com.br\/edicoes\/wp-json\/wp\/v2\/comments?post=835"}],"version-history":[{"count":74,"href":"https:\/\/saboresdecabofrio.com.br\/edicoes\/wp-json\/wp\/v2\/pages\/835\/revisions"}],"predecessor-version":[{"id":2765,"href":"https:\/\/saboresdecabofrio.com.br\/edicoes\/wp-json\/wp\/v2\/pages\/835\/revisions\/2765"}],"wp:attachment":[{"href":"https:\/\/saboresdecabofrio.com.br\/edicoes\/wp-json\/wp\/v2\/media?parent=835"}],"curies":[{"name":"wp","href":"https:\/\/api.w.org\/{rel}","templated":true}]}}